{"id":39210,"date":"2023-03-07T11:12:41","date_gmt":"2023-03-07T11:12:41","guid":{"rendered":"https:\/\/fontfusters.cat\/contacte\/"},"modified":"2025-11-03T11:39:52","modified_gmt":"2025-11-03T11:39:52","slug":"contacte","status":"publish","type":"page","link":"https:\/\/fontfusters.cat\/es\/contacte\/","title":{"rendered":"Contacto"},"content":{"rendered":"\t\t<div data-elementor-type=\"wp-page\" data-elementor-id=\"39210\" class=\"elementor elementor-39210 elementor-1453\" data-elementor-post-type=\"page\">\n\t\t\t\t\t\t<section class=\"elementor-section elementor-top-section elementor-element elementor-element-306f2c24 elementor-section-boxed elementor-section-height-default elementor-section-height-default sc_fly_static\" data-id=\"306f2c24\" data-element_type=\"section\" data-e-type=\"section\">\n\t\t\t\t\t\t<div class=\"elementor-container elementor-column-gap-extended\">\n\t\t\t\t\t<div class=\"elementor-column elementor-col-100 elementor-top-column elementor-element elementor-element-367ee624 sc_inner_width_none sc_content_align_inherit sc_layouts_column_icons_position_left sc_fly_static\" data-id=\"367ee624\" data-element_type=\"column\" data-e-type=\"column\">\n\t\t\t<div class=\"elementor-widget-wrap elementor-element-populated\">\n\t\t\t\t\t\t<div class=\"elementor-element elementor-element-3ecd4bc8 sc_fly_static elementor-widget elementor-widget-spacer\" data-id=\"3ecd4bc8\" data-element_type=\"widget\" data-e-type=\"widget\" data-widget_type=\"spacer.default\">\n\t\t\t\t<div class=\"elementor-widget-container\">\n\t\t\t\t\t\t\t<div class=\"elementor-spacer\">\n\t\t\t<div class=\"elementor-spacer-inner\"><\/div>\n\t\t<\/div>\n\t\t\t\t\t\t<\/div>\n\t\t\t\t<\/div>\n\t\t\t\t<section class=\"elementor-section elementor-inner-section elementor-element elementor-element-a444612 elementor-section-boxed elementor-section-height-default elementor-section-height-default sc_fly_static\" data-id=\"a444612\" data-element_type=\"section\" data-e-type=\"section\">\n\t\t\t\t\t\t<div class=\"elementor-container elementor-column-gap-no\">\n\t\t\t\t\t<div class=\"elementor-column elementor-col-50 elementor-inner-column elementor-element elementor-element-2aa59636 sc_inner_width_none sc_content_align_inherit sc_layouts_column_icons_position_left sc_fly_static\" data-id=\"2aa59636\" data-element_type=\"column\" data-e-type=\"column\">\n\t\t\t<div class=\"elementor-widget-wrap elementor-element-populated\">\n\t\t\t\t\t\t<div class=\"elementor-element elementor-element-27bab5e8 sc_fly_static elementor-widget elementor-widget-trx_sc_title\" data-id=\"27bab5e8\" data-element_type=\"widget\" data-e-type=\"widget\" data-widget_type=\"trx_sc_title.default\">\n\t\t\t\t<div class=\"elementor-widget-container\">\n\t\t\t\t\t<div\t\tclass=\"sc_title sc_title_default\" ><span class=\"sc_item_subtitle sc_title_subtitle sc_item_subtitle_above sc_item_title_style_default\">Contacto<\/span><h1 class=\"sc_item_title sc_title_title sc_item_title_style_default sc_item_title_tag\"\n\t\t\t><span class=\"sc_item_title_text\">Estamos en contacto<\/span><\/h1><div class=\"sc_item_descr sc_title_descr\"><p>Si est\u00e1s interesado en saber m\u00e1s sobre c\u00f3mo trabajamos o tienes alg\u00fan trabajo por hacer, por favor rellena el siguiente formulario o ll\u00e1manos en horario de oficina.<\/p>\n<\/div><\/div>\t\t\t\t<\/div>\n\t\t\t\t<\/div>\n\t\t\t\t\t<\/div>\n\t\t<\/div>\n\t\t\t\t<div class=\"elementor-column elementor-col-50 elementor-inner-column elementor-element elementor-element-4d2981a6 sc_inner_width_none sc_content_align_inherit sc_layouts_column_icons_position_left sc_fly_static\" data-id=\"4d2981a6\" data-element_type=\"column\" data-e-type=\"column\">\n\t\t\t<div class=\"elementor-widget-wrap elementor-element-populated\">\n\t\t\t\t\t\t<div class=\"elementor-element elementor-element-525271f7 sc_layouts_hide_on_tablet sc_layouts_hide_on_mobile sc_fly_static elementor-widget elementor-widget-spacer\" data-id=\"525271f7\" data-element_type=\"widget\" data-e-type=\"widget\" data-widget_type=\"spacer.default\">\n\t\t\t\t<div class=\"elementor-widget-container\">\n\t\t\t\t\t\t\t<div class=\"elementor-spacer\">\n\t\t\t<div class=\"elementor-spacer-inner\"><\/div>\n\t\t<\/div>\n\t\t\t\t\t\t<\/div>\n\t\t\t\t<\/div>\n\t\t\t\t<div class=\"elementor-element elementor-element-18516ba9 sc_layouts_hide_on_wide sc_layouts_hide_on_desktop sc_layouts_hide_on_notebook sc_fly_static elementor-widget elementor-widget-spacer\" data-id=\"18516ba9\" data-element_type=\"widget\" data-e-type=\"widget\" data-widget_type=\"spacer.default\">\n\t\t\t\t<div class=\"elementor-widget-container\">\n\t\t\t\t\t\t\t<div class=\"elementor-spacer\">\n\t\t\t<div class=\"elementor-spacer-inner\"><\/div>\n\t\t<\/div>\n\t\t\t\t\t\t<\/div>\n\t\t\t\t<\/div>\n\t\t\t\t<div class=\"elementor-element elementor-element-39368c24 sc_fly_static elementor-widget elementor-widget-trx_sc_icons\" data-id=\"39368c24\" data-element_type=\"widget\" data-e-type=\"widget\" data-widget_type=\"trx_sc_icons.default\">\n\t\t\t\t<div class=\"elementor-widget-container\">\n\t\t\t\t\t<div \tclass=\"sc_icons sc_icons_bordered sc_icons_size_small sc_align_none\" ><div class=\"sc_icons_columns_wrap sc_item_columns trx_addons_columns_wrap columns_padding_bottom columns_in_single_row\" ><div class=\"trx_addons_column-1_3 trx_addons_column-1_1-tablet\"><div class=\"sc_icons_item\"><div class=\"sc_icons_icon sc_icon_type_ icon-marker\" ><span class=\"sc_icon_type_ icon-marker\"><\/span><\/div><div class=\"sc_icons_item_details\"><h4 class=\"sc_icons_item_title\"><span>Donde estamos<\/span><\/h4><div class=\"sc_icons_item_description\"><span>Avinguda d'Europa, 6, <\/span><span>Pol. Industrial Les Comes<\/span><span>08700 Igualada, Barcelona <\/span><\/div><\/div><\/div><\/div><div class=\"trx_addons_column-1_3 trx_addons_column-1_1-tablet\"><div class=\"sc_icons_item sc_icons_item_linked with_more\"><div class=\"sc_icons_icon sc_icon_type_ icon-iphone\" ><span class=\"sc_icon_type_ icon-iphone\"><\/span><\/div><div class=\"sc_icons_item_details\"><h4 class=\"sc_icons_item_title\"><a href=\"tel:0034938035131\">\n                                    Email y tel\u00e9fono                                    <\/a><\/h4><div class=\"sc_icons_item_description\"><span><a href=\"mailto:font@fontfusters.cat\">font@fontfusters.cat<\/a><\/span><\/div><a href=\"tel:0034938035131\" class=\"sc_icons_item_more_link\">\n                        <span class=\"link_text\">+34 93 803 51 31<\/span><span class=\"link_icon\"><\/span>\n                        <\/a><a href=\"tel:0034938035131\"\n                        class=\"sc_icons_item_link\">\n                        <\/a><\/div><\/div><\/div><div class=\"trx_addons_column-1_3 trx_addons_column-1_1-tablet\"><div class=\"sc_icons_item with_more\"><div class=\"sc_icons_icon sc_icon_type_ icon-whatsapp\" ><span class=\"sc_icon_type_ icon-whatsapp\"><\/span><\/div><div class=\"sc_icons_item_details\"><h4 class=\"sc_icons_item_title\"><span>Whatsapp <\/span><\/h4><div class=\"sc_icons_item_description\"><span>615 934 624<\/span><\/div><\/div><\/div><\/div><\/div><\/div><!-- \/.sc_icons -->\t\t\t\t<\/div>\n\t\t\t\t<\/div>\n\t\t\t\t\t<\/div>\n\t\t<\/div>\n\t\t\t\t\t<\/div>\n\t\t<\/section>\n\t\t\t\t<div class=\"elementor-element elementor-element-40c36669 sc_fly_static elementor-widget elementor-widget-spacer\" data-id=\"40c36669\" data-element_type=\"widget\" data-e-type=\"widget\" data-widget_type=\"spacer.default\">\n\t\t\t\t<div class=\"elementor-widget-container\">\n\t\t\t\t\t\t\t<div class=\"elementor-spacer\">\n\t\t\t<div class=\"elementor-spacer-inner\"><\/div>\n\t\t<\/div>\n\t\t\t\t\t\t<\/div>\n\t\t\t\t<\/div>\n\t\t\t\t\t<\/div>\n\t\t<\/div>\n\t\t\t\t\t<\/div>\n\t\t<\/section>\n\t\t\t\t<section class=\"elementor-section elementor-top-section elementor-element elementor-element-b35b84a elementor-section-full_width elementor-section-height-default elementor-section-height-default sc_fly_static\" data-id=\"b35b84a\" data-element_type=\"section\" data-e-type=\"section\" data-settings=\"{&quot;background_background&quot;:&quot;classic&quot;}\">\n\t\t\t\t\t\t<div class=\"elementor-container elementor-column-gap-no\">\n\t\t\t\t\t<div class=\"elementor-column elementor-col-100 elementor-top-column elementor-element elementor-element-d92b45a sc_inner_width_none sc_content_align_inherit sc_layouts_column_icons_position_left sc_fly_static\" data-id=\"d92b45a\" data-element_type=\"column\" data-e-type=\"column\">\n\t\t\t<div class=\"elementor-widget-wrap elementor-element-populated\">\n\t\t\t\t\t\t<div class=\"elementor-element elementor-element-0a4c225 sc_fly_static elementor-widget elementor-widget-trx_sc_googlemap\" data-id=\"0a4c225\" data-element_type=\"widget\" data-e-type=\"widget\" data-widget_type=\"trx_sc_googlemap.default\">\n\t\t\t\t<div class=\"elementor-widget-container\">\n\t\t\t\t\t<div id=\"sc_googlemap_1268126556_wrap\" class=\"sc_googlemap_wrap\"><div id=\"sc_googlemap_1268126556\"\t\t\tclass=\"sc_item_content sc_map sc_googlemap sc_googlemap_default trx_addons_inline_1492604676\"\n\t\t\t \t\t\tdata-zoom=\"16\"\n\t\t\tdata-center=\"\"\n\t\t\tdata-style=\"extra\"\n\t\t\tdata-cluster-icon=\"\"\n\t\t\t><iframe\n\t\t\t\t\t\tsrc=\"https:\/\/maps.google.com\/maps?t=m&output=embed&iwloc=near&z=16&q=41.59268084606741%2C+1.6262461165501778\"\n\t\t\t\t\t\taria-label=\"\"><\/iframe><\/div><\/div>\t\t\t\t<\/div>\n\t\t\t\t<\/div>\n\t\t\t\t\t<\/div>\n\t\t<\/div>\n\t\t\t\t\t<\/div>\n\t\t<\/section>\n\t\t\t\t<\/div>\n\t\t","protected":false},"excerpt":{"rendered":"<p>Contacto Estamos en contacto Si est\u00e1s interesado en saber m\u00e1s sobre c\u00f3mo trabajamos o tienes&hellip;<\/p>\n","protected":false},"author":1,"featured_media":0,"parent":0,"menu_order":0,"comment_status":"closed","ping_status":"closed","template":"","meta":{"footnotes":""},"class_list":["post-39210","page","type-page","status-publish","hentry"],"yoast_head":"<!-- This site is optimized with the Yoast SEO plugin v27.3 - https:\/\/yoast.com\/product\/yoast-seo-wordpress\/ -->\n<title>Contacto - FONT FUSTERS<\/title>\n<meta name=\"robots\" content=\"index, follow, max-snippet:-1, max-image-preview:large, max-video-preview:-1\" \/>\n<link rel=\"canonical\" href=\"https:\/\/fontfusters.cat\/contacte\/\" \/>\n<meta property=\"og:locale\" content=\"es_ES\" \/>\n<meta property=\"og:type\" content=\"article\" \/>\n<meta property=\"og:title\" content=\"Contacto - FONT FUSTERS\" \/>\n<meta property=\"og:description\" content=\"Contacto Estamos en contacto Si est\u00e1s interesado en saber m\u00e1s sobre c\u00f3mo trabajamos o tienes&hellip;\" \/>\n<meta property=\"og:url\" content=\"https:\/\/fontfusters.cat\/contacte\/\" \/>\n<meta property=\"og:site_name\" content=\"FONT FUSTERS\" \/>\n<meta property=\"article:modified_time\" content=\"2025-11-03T11:39:52+00:00\" \/>\n<meta name=\"twitter:card\" content=\"summary_large_image\" \/>\n<script type=\"application\/ld+json\" class=\"yoast-schema-graph\">{\"@context\":\"https:\\\/\\\/schema.org\",\"@graph\":[{\"@type\":\"WebPage\",\"@id\":\"https:\\\/\\\/fontfusters.cat\\\/contacte\\\/\",\"url\":\"https:\\\/\\\/fontfusters.cat\\\/contacte\\\/\",\"name\":\"Contacto - FONT FUSTERS\",\"isPartOf\":{\"@id\":\"https:\\\/\\\/fontfusters.cat\\\/#website\"},\"datePublished\":\"2023-03-07T11:12:41+00:00\",\"dateModified\":\"2025-11-03T11:39:52+00:00\",\"breadcrumb\":{\"@id\":\"https:\\\/\\\/fontfusters.cat\\\/contacte\\\/#breadcrumb\"},\"inLanguage\":\"es\",\"potentialAction\":[{\"@type\":\"ReadAction\",\"target\":[\"https:\\\/\\\/fontfusters.cat\\\/contacte\\\/\"]}]},{\"@type\":\"BreadcrumbList\",\"@id\":\"https:\\\/\\\/fontfusters.cat\\\/contacte\\\/#breadcrumb\",\"itemListElement\":[{\"@type\":\"ListItem\",\"position\":1,\"name\":\"Inici\",\"item\":\"https:\\\/\\\/fontfusters.cat\\\/es\\\/\"},{\"@type\":\"ListItem\",\"position\":2,\"name\":\"Contacto\"}]},{\"@type\":\"WebSite\",\"@id\":\"https:\\\/\\\/fontfusters.cat\\\/#website\",\"url\":\"https:\\\/\\\/fontfusters.cat\\\/\",\"name\":\"FONT FUSTERS\",\"description\":\"Professionals que estimem la fusta\",\"publisher\":{\"@id\":\"https:\\\/\\\/fontfusters.cat\\\/#organization\"},\"potentialAction\":[{\"@type\":\"SearchAction\",\"target\":{\"@type\":\"EntryPoint\",\"urlTemplate\":\"https:\\\/\\\/fontfusters.cat\\\/?s={search_term_string}\"},\"query-input\":{\"@type\":\"PropertyValueSpecification\",\"valueRequired\":true,\"valueName\":\"search_term_string\"}}],\"inLanguage\":\"es\"},{\"@type\":\"Organization\",\"@id\":\"https:\\\/\\\/fontfusters.cat\\\/#organization\",\"name\":\"FONT FUSTERS\",\"url\":\"https:\\\/\\\/fontfusters.cat\\\/\",\"logo\":{\"@type\":\"ImageObject\",\"inLanguage\":\"es\",\"@id\":\"https:\\\/\\\/fontfusters.cat\\\/#\\\/schema\\\/logo\\\/image\\\/\",\"url\":\"https:\\\/\\\/fontfusters.cat\\\/wp-content\\\/uploads\\\/2023\\\/09\\\/cropped-logo_font_fusters.jpg\",\"contentUrl\":\"https:\\\/\\\/fontfusters.cat\\\/wp-content\\\/uploads\\\/2023\\\/09\\\/cropped-logo_font_fusters.jpg\",\"width\":798,\"height\":192,\"caption\":\"FONT FUSTERS\"},\"image\":{\"@id\":\"https:\\\/\\\/fontfusters.cat\\\/#\\\/schema\\\/logo\\\/image\\\/\"}}]}<\/script>\n<!-- \/ Yoast SEO plugin. -->","yoast_head_json":{"title":"Contacto - FONT FUSTERS","robots":{"index":"index","follow":"follow","max-snippet":"max-snippet:-1","max-image-preview":"max-image-preview:large","max-video-preview":"max-video-preview:-1"},"canonical":"https:\/\/fontfusters.cat\/contacte\/","og_locale":"es_ES","og_type":"article","og_title":"Contacto - FONT FUSTERS","og_description":"Contacto Estamos en contacto Si est\u00e1s interesado en saber m\u00e1s sobre c\u00f3mo trabajamos o tienes&hellip;","og_url":"https:\/\/fontfusters.cat\/contacte\/","og_site_name":"FONT FUSTERS","article_modified_time":"2025-11-03T11:39:52+00:00","twitter_card":"summary_large_image","schema":{"@context":"https:\/\/schema.org","@graph":[{"@type":"WebPage","@id":"https:\/\/fontfusters.cat\/contacte\/","url":"https:\/\/fontfusters.cat\/contacte\/","name":"Contacto - FONT FUSTERS","isPartOf":{"@id":"https:\/\/fontfusters.cat\/#website"},"datePublished":"2023-03-07T11:12:41+00:00","dateModified":"2025-11-03T11:39:52+00:00","breadcrumb":{"@id":"https:\/\/fontfusters.cat\/contacte\/#breadcrumb"},"inLanguage":"es","potentialAction":[{"@type":"ReadAction","target":["https:\/\/fontfusters.cat\/contacte\/"]}]},{"@type":"BreadcrumbList","@id":"https:\/\/fontfusters.cat\/contacte\/#breadcrumb","itemListElement":[{"@type":"ListItem","position":1,"name":"Inici","item":"https:\/\/fontfusters.cat\/es\/"},{"@type":"ListItem","position":2,"name":"Contacto"}]},{"@type":"WebSite","@id":"https:\/\/fontfusters.cat\/#website","url":"https:\/\/fontfusters.cat\/","name":"FONT FUSTERS","description":"Professionals que estimem la fusta","publisher":{"@id":"https:\/\/fontfusters.cat\/#organization"},"potentialAction":[{"@type":"SearchAction","target":{"@type":"EntryPoint","urlTemplate":"https:\/\/fontfusters.cat\/?s={search_term_string}"},"query-input":{"@type":"PropertyValueSpecification","valueRequired":true,"valueName":"search_term_string"}}],"inLanguage":"es"},{"@type":"Organization","@id":"https:\/\/fontfusters.cat\/#organization","name":"FONT FUSTERS","url":"https:\/\/fontfusters.cat\/","logo":{"@type":"ImageObject","inLanguage":"es","@id":"https:\/\/fontfusters.cat\/#\/schema\/logo\/image\/","url":"https:\/\/fontfusters.cat\/wp-content\/uploads\/2023\/09\/cropped-logo_font_fusters.jpg","contentUrl":"https:\/\/fontfusters.cat\/wp-content\/uploads\/2023\/09\/cropped-logo_font_fusters.jpg","width":798,"height":192,"caption":"FONT FUSTERS"},"image":{"@id":"https:\/\/fontfusters.cat\/#\/schema\/logo\/image\/"}}]}},"_links":{"self":[{"href":"https:\/\/fontfusters.cat\/es\/wp-json\/wp\/v2\/pages\/39210","targetHints":{"allow":["GET"]}}],"collection":[{"href":"https:\/\/fontfusters.cat\/es\/wp-json\/wp\/v2\/pages"}],"about":[{"href":"https:\/\/fontfusters.cat\/es\/wp-json\/wp\/v2\/types\/page"}],"author":[{"embeddable":true,"href":"https:\/\/fontfusters.cat\/es\/wp-json\/wp\/v2\/users\/1"}],"replies":[{"embeddable":true,"href":"https:\/\/fontfusters.cat\/es\/wp-json\/wp\/v2\/comments?post=39210"}],"version-history":[{"count":2,"href":"https:\/\/fontfusters.cat\/es\/wp-json\/wp\/v2\/pages\/39210\/revisions"}],"predecessor-version":[{"id":39212,"href":"https:\/\/fontfusters.cat\/es\/wp-json\/wp\/v2\/pages\/39210\/revisions\/39212"}],"wp:attachment":[{"href":"https:\/\/fontfusters.cat\/es\/wp-json\/wp\/v2\/media?parent=39210"}],"curies":[{"name":"wp","href":"https:\/\/api.w.org\/{rel}","templated":true}]}}