{"id":39228,"date":"2023-03-07T13:55:23","date_gmt":"2023-03-07T13:55:23","guid":{"rendered":"https:\/\/fontfusters.cat\/serveis\/"},"modified":"2026-03-27T12:26:25","modified_gmt":"2026-03-27T12:26:25","slug":"serveis","status":"publish","type":"page","link":"https:\/\/fontfusters.cat\/es\/serveis\/","title":{"rendered":"SERVICIOS"},"content":{"rendered":"\t\t<div data-elementor-type=\"wp-page\" data-elementor-id=\"39228\" class=\"elementor elementor-39228 elementor-29509\" data-elementor-post-type=\"page\">\n\t\t\t\t\t\t<section class=\"elementor-section elementor-top-section elementor-element elementor-element-1c581116 elementor-section-boxed elementor-section-height-default elementor-section-height-default sc_fly_static\" data-id=\"1c581116\" data-element_type=\"section\" data-e-type=\"section\">\n\t\t\t\t\t\t<div class=\"elementor-container elementor-column-gap-extended\">\n\t\t\t\t\t<div class=\"elementor-column elementor-col-100 elementor-top-column elementor-element elementor-element-4431957e sc_layouts_column_align_center sc_layouts_column sc_inner_width_none sc_content_align_inherit sc_layouts_column_icons_position_left sc_fly_static\" data-id=\"4431957e\" data-element_type=\"column\" data-e-type=\"column\">\n\t\t\t<div class=\"elementor-widget-wrap elementor-element-populated\">\n\t\t\t\t\t\t<div class=\"elementor-element elementor-element-570f422e sc_height_huge sc_fly_static elementor-widget elementor-widget-spacer\" data-id=\"570f422e\" data-element_type=\"widget\" data-e-type=\"widget\" data-widget_type=\"spacer.default\">\n\t\t\t\t<div class=\"elementor-widget-container\">\n\t\t\t\t\t\t\t<div class=\"elementor-spacer\">\n\t\t\t<div class=\"elementor-spacer-inner\"><\/div>\n\t\t<\/div>\n\t\t\t\t\t\t<\/div>\n\t\t\t\t<\/div>\n\t\t\t\t<div class=\"elementor-element elementor-element-a14e420 sc_fly_static elementor-widget elementor-widget-trx_sc_title\" data-id=\"a14e420\" data-element_type=\"widget\" data-e-type=\"widget\" data-widget_type=\"trx_sc_title.default\">\n\t\t\t\t<div class=\"elementor-widget-container\">\n\t\t\t\t\t<div\t\tclass=\"sc_title sc_title_accent\" ><span class=\"sc_item_subtitle sc_title_subtitle sc_align_center sc_item_subtitle_above sc_item_title_style_accent\">SERVICIOS<\/span><h1 class=\"sc_item_title sc_title_title sc_align_center sc_item_title_style_accent sc_item_title_tag sc_typed\"\n\t\t\t><span class=\"sc_item_title_text\">\u00bfQU\u00c9 HACEMOS EN FONT FUSTERS?<\/span><\/h1><\/div>\t\t\t\t<\/div>\n\t\t\t\t<\/div>\n\t\t\t\t<div class=\"elementor-element elementor-element-38d3419 sc_height_small sc_fly_static elementor-widget elementor-widget-spacer\" data-id=\"38d3419\" data-element_type=\"widget\" data-e-type=\"widget\" data-widget_type=\"spacer.default\">\n\t\t\t\t<div class=\"elementor-widget-container\">\n\t\t\t\t\t\t\t<div class=\"elementor-spacer\">\n\t\t\t<div class=\"elementor-spacer-inner\"><\/div>\n\t\t<\/div>\n\t\t\t\t\t\t<\/div>\n\t\t\t\t<\/div>\n\t\t\t\t<div class=\"elementor-element elementor-element-6ce7b67 animation_type_sequental sc_fly_static elementor-invisible elementor-widget elementor-widget-trx_sc_services\" data-id=\"6ce7b67\" data-element_type=\"widget\" data-e-type=\"widget\" data-settings=\"{&quot;_animation&quot;:&quot;fortunio-fadeinup&quot;,&quot;_animation_delay&quot;:100}\" data-widget_type=\"trx_sc_services.default\">\n\t\t\t\t<div class=\"elementor-widget-container\">\n\t\t\t\t\t<div class=\"sc_services color_style_dark sc_services_classic sc_services_featured_top\"><div class=\"sc_services_columns_wrap sc_item_columns sc_item_posts_container sc_item_columns_4 trx_addons_columns_wrap columns_padding_bottom\"><div class=\"trx_addons_column-1_4 trx_addons_column-1_2-tablet \"><div data-post-id=\"39249\" class=\"sc_services_item sc_item_container post_container with_more without_content with_image with_number post-39249 cpt_services type-cpt_services status-publish has-post-thumbnail hentry cpt_services_group-serveis\">\n\t\t<div class=\"sc_services_item_content \" style=\"background-image: url(https:\/\/fontfusters.cat\/wp-content\/uploads\/2024\/07\/hotel-1.webp);\">\n\t\t\t\t<div class=\"sc_services_item_content_inner\">                <div class=\"sc_services_item_content_inner_top\"><span class=\"sc_services_item_number\">01.<\/span><\/div><div class=\"sc_services_item_content_inner_bottom\"><div class=\"sc_services_item_info_wrap\">\n                    <div class=\"sc_services_item_title_wrap\">\n                        <h6 class=\"sc_services_item_title\"><a href=\"https:\/\/fontfusters.cat\/es\/services\/contract\/\">CONTRACT<\/a><\/h6>\n                        <div class=\"sc_services_item_subtitle\"><a href=\"https:\/\/fontfusters.cat\/services_group\/serveis\/\" title=\"View all posts in SERVEIS\">SERVEIS<\/a><\/div><\/div><div class=\"sc_services_item_button sc_item_button\">\n                        <a href=\"https:\/\/fontfusters.cat\/es\/services\/contract\/\" class=\"sc_services_item_more_link\">\n                            <span class=\"link_text\">Leer m\u00e1s<\/span><span class=\"link_icon\"><\/span>\n                        <\/a>\n                        <\/div><\/div><\/div><\/div><a class=\"sc_services_item_link\" href=\"https:\/\/fontfusters.cat\/es\/services\/contract\/\"><\/a><\/div><\/div><\/div><div class=\"trx_addons_column-1_4 trx_addons_column-1_2-tablet \"><div data-post-id=\"39254\" class=\"sc_services_item sc_item_container post_container with_more without_content with_image with_number post-39254 cpt_services type-cpt_services status-publish has-post-thumbnail hentry cpt_services_group-serveis\">\n\t\t<div class=\"sc_services_item_content \" style=\"background-image: url(https:\/\/fontfusters.cat\/wp-content\/uploads\/2024\/07\/portes.webp);\">\n\t\t\t\t<div class=\"sc_services_item_content_inner\">                <div class=\"sc_services_item_content_inner_top\"><span class=\"sc_services_item_number\">02.<\/span><\/div><div class=\"sc_services_item_content_inner_bottom\"><div class=\"sc_services_item_info_wrap\">\n                    <div class=\"sc_services_item_title_wrap\">\n                        <h6 class=\"sc_services_item_title\"><a href=\"https:\/\/fontfusters.cat\/es\/services\/portes\/\">PUERTAS T\u00c9CNICAS<\/a><\/h6>\n                        <div class=\"sc_services_item_subtitle\"><a href=\"https:\/\/fontfusters.cat\/services_group\/serveis\/\" title=\"View all posts in SERVEIS\">SERVEIS<\/a><\/div><\/div><div class=\"sc_services_item_button sc_item_button\">\n                        <a href=\"https:\/\/fontfusters.cat\/es\/services\/portes\/\" class=\"sc_services_item_more_link\">\n                            <span class=\"link_text\">Leer m\u00e1s<\/span><span class=\"link_icon\"><\/span>\n                        <\/a>\n                        <\/div><\/div><\/div><\/div><a class=\"sc_services_item_link\" href=\"https:\/\/fontfusters.cat\/es\/services\/portes\/\"><\/a><\/div><\/div><\/div><div class=\"trx_addons_column-1_4 trx_addons_column-1_2-tablet \"><div data-post-id=\"39259\" class=\"sc_services_item sc_item_container post_container with_more without_content with_image with_number post-39259 cpt_services type-cpt_services status-publish has-post-thumbnail hentry cpt_services_group-serveis\">\n\t\t<div class=\"sc_services_item_content \" style=\"background-image: url(https:\/\/fontfusters.cat\/wp-content\/uploads\/2025\/10\/teo4.webp);\">\n\t\t\t\t<div class=\"sc_services_item_content_inner\">                <div class=\"sc_services_item_content_inner_top\"><span class=\"sc_services_item_number\">03.<\/span><\/div><div class=\"sc_services_item_content_inner_bottom\"><div class=\"sc_services_item_info_wrap\">\n                    <div class=\"sc_services_item_title_wrap\">\n                        <h6 class=\"sc_services_item_title\"><a href=\"https:\/\/fontfusters.cat\/es\/services\/revestiments-2\/\">REVESTIMIENTOS INTERIORES Y EXTERIORES<\/a><\/h6>\n                        <div class=\"sc_services_item_subtitle\"><a href=\"https:\/\/fontfusters.cat\/services_group\/serveis\/\" title=\"View all posts in SERVEIS\">SERVEIS<\/a><\/div><\/div><div class=\"sc_services_item_button sc_item_button\">\n                        <a href=\"https:\/\/fontfusters.cat\/es\/services\/revestiments-2\/\" class=\"sc_services_item_more_link\">\n                            <span class=\"link_text\">Leer m\u00e1s<\/span><span class=\"link_icon\"><\/span>\n                        <\/a>\n                        <\/div><\/div><\/div><\/div><a class=\"sc_services_item_link\" href=\"https:\/\/fontfusters.cat\/es\/services\/revestiments-2\/\"><\/a><\/div><\/div><\/div><div class=\"trx_addons_column-1_4 trx_addons_column-1_2-tablet \"><div data-post-id=\"39265\" class=\"sc_services_item sc_item_container post_container with_more without_content with_image with_number post-39265 cpt_services type-cpt_services status-publish has-post-thumbnail hentry cpt_services_group-serveis\">\n\t\t<div class=\"sc_services_item_content \" style=\"background-image: url(https:\/\/fontfusters.cat\/wp-content\/uploads\/2024\/07\/armaris-1.webp);\">\n\t\t\t\t<div class=\"sc_services_item_content_inner\">                <div class=\"sc_services_item_content_inner_top\"><span class=\"sc_services_item_number\">04.<\/span><\/div><div class=\"sc_services_item_content_inner_bottom\"><div class=\"sc_services_item_info_wrap\">\n                    <div class=\"sc_services_item_title_wrap\">\n                        <h6 class=\"sc_services_item_title\"><a href=\"https:\/\/fontfusters.cat\/es\/services\/mobiliari\/\">MOBILIARIO DE DISE\u00d1O O EST\u00c1NDAR<\/a><\/h6>\n                        <div class=\"sc_services_item_subtitle\"><a href=\"https:\/\/fontfusters.cat\/services_group\/serveis\/\" title=\"View all posts in SERVEIS\">SERVEIS<\/a><\/div><\/div><div class=\"sc_services_item_button sc_item_button\">\n                        <a href=\"https:\/\/fontfusters.cat\/es\/services\/mobiliari\/\" class=\"sc_services_item_more_link\">\n                            <span class=\"link_text\">Leer m\u00e1s<\/span><span class=\"link_icon\"><\/span>\n                        <\/a>\n                        <\/div><\/div><\/div><\/div><a class=\"sc_services_item_link\" href=\"https:\/\/fontfusters.cat\/es\/services\/mobiliari\/\"><\/a><\/div><\/div><\/div><div class=\"trx_addons_column-1_4 trx_addons_column-1_2-tablet \"><div data-post-id=\"39270\" class=\"sc_services_item sc_item_container post_container with_more without_content with_image with_number post-39270 cpt_services type-cpt_services status-publish has-post-thumbnail hentry cpt_services_group-serveis\">\n\t\t<div class=\"sc_services_item_content \" style=\"background-image: url(https:\/\/fontfusters.cat\/wp-content\/uploads\/2024\/07\/tancaments.webp);\">\n\t\t\t\t<div class=\"sc_services_item_content_inner\">                <div class=\"sc_services_item_content_inner_top\"><span class=\"sc_services_item_number\">05.<\/span><\/div><div class=\"sc_services_item_content_inner_bottom\"><div class=\"sc_services_item_info_wrap\">\n                    <div class=\"sc_services_item_title_wrap\">\n                        <h6 class=\"sc_services_item_title\"><a href=\"https:\/\/fontfusters.cat\/es\/services\/tancaments\/\">CIERRES INTERIORES Y EXTERIORES<\/a><\/h6>\n                        <div class=\"sc_services_item_subtitle\"><a href=\"https:\/\/fontfusters.cat\/services_group\/serveis\/\" title=\"View all posts in SERVEIS\">SERVEIS<\/a><\/div><\/div><div class=\"sc_services_item_button sc_item_button\">\n                        <a href=\"https:\/\/fontfusters.cat\/es\/services\/tancaments\/\" class=\"sc_services_item_more_link\">\n                            <span class=\"link_text\">Leer m\u00e1s<\/span><span class=\"link_icon\"><\/span>\n                        <\/a>\n                        <\/div><\/div><\/div><\/div><a class=\"sc_services_item_link\" href=\"https:\/\/fontfusters.cat\/es\/services\/tancaments\/\"><\/a><\/div><\/div><\/div><div class=\"trx_addons_column-1_4 trx_addons_column-1_2-tablet \"><div data-post-id=\"39275\" class=\"sc_services_item sc_item_container post_container with_more without_content with_image with_number post-39275 cpt_services type-cpt_services status-publish has-post-thumbnail hentry cpt_services_group-serveis\">\n\t\t<div class=\"sc_services_item_content \" style=\"background-image: url(https:\/\/fontfusters.cat\/wp-content\/uploads\/2024\/07\/restauracio.webp);\">\n\t\t\t\t<div class=\"sc_services_item_content_inner\">                <div class=\"sc_services_item_content_inner_top\"><span class=\"sc_services_item_number\">06.<\/span><\/div><div class=\"sc_services_item_content_inner_bottom\"><div class=\"sc_services_item_info_wrap\">\n                    <div class=\"sc_services_item_title_wrap\">\n                        <h6 class=\"sc_services_item_title\"><a href=\"https:\/\/fontfusters.cat\/es\/services\/restauracio-i-rehabilitacio\/\">RESTAURACI\u00d3N Y REHABILITACI\u00d3N<\/a><\/h6>\n                        <div class=\"sc_services_item_subtitle\"><a href=\"https:\/\/fontfusters.cat\/services_group\/serveis\/\" title=\"View all posts in SERVEIS\">SERVEIS<\/a><\/div><\/div><div class=\"sc_services_item_button sc_item_button\">\n                        <a href=\"https:\/\/fontfusters.cat\/es\/services\/restauracio-i-rehabilitacio\/\" class=\"sc_services_item_more_link\">\n                            <span class=\"link_text\">Leer m\u00e1s<\/span><span class=\"link_icon\"><\/span>\n                        <\/a>\n                        <\/div><\/div><\/div><\/div><a class=\"sc_services_item_link\" href=\"https:\/\/fontfusters.cat\/es\/services\/restauracio-i-rehabilitacio\/\"><\/a><\/div><\/div><\/div><div class=\"trx_addons_column-1_4 trx_addons_column-1_2-tablet \"><div data-post-id=\"39280\" class=\"sc_services_item sc_item_container post_container with_more without_content with_image with_number post-39280 cpt_services type-cpt_services status-publish has-post-thumbnail hentry cpt_services_group-serveis\">\n\t\t<div class=\"sc_services_item_content \" style=\"background-image: url(https:\/\/fontfusters.cat\/wp-content\/uploads\/2024\/07\/estructura.webp);\">\n\t\t\t\t<div class=\"sc_services_item_content_inner\">                <div class=\"sc_services_item_content_inner_top\"><span class=\"sc_services_item_number\">07.<\/span><\/div><div class=\"sc_services_item_content_inner_bottom\"><div class=\"sc_services_item_info_wrap\">\n                    <div class=\"sc_services_item_title_wrap\">\n                        <h6 class=\"sc_services_item_title\"><a href=\"https:\/\/fontfusters.cat\/es\/services\/estructural\/\">ESTRUCTURAL<\/a><\/h6>\n                        <div class=\"sc_services_item_subtitle\"><a href=\"https:\/\/fontfusters.cat\/services_group\/serveis\/\" title=\"View all posts in SERVEIS\">SERVEIS<\/a><\/div><\/div><div class=\"sc_services_item_button sc_item_button\">\n                        <a href=\"https:\/\/fontfusters.cat\/es\/services\/estructural\/\" class=\"sc_services_item_more_link\">\n                            <span class=\"link_text\">Leer m\u00e1s<\/span><span class=\"link_icon\"><\/span>\n                        <\/a>\n                        <\/div><\/div><\/div><\/div><a class=\"sc_services_item_link\" href=\"https:\/\/fontfusters.cat\/es\/services\/estructural\/\"><\/a><\/div><\/div><\/div><\/div><\/div>\t\t\t\t<\/div>\n\t\t\t\t<\/div>\n\t\t\t\t<div class=\"elementor-element elementor-element-461d925c sc_fly_static elementor-widget elementor-widget-spacer\" data-id=\"461d925c\" data-element_type=\"widget\" data-e-type=\"widget\" data-widget_type=\"spacer.default\">\n\t\t\t\t<div class=\"elementor-widget-container\">\n\t\t\t\t\t\t\t<div class=\"elementor-spacer\">\n\t\t\t<div class=\"elementor-spacer-inner\"><\/div>\n\t\t<\/div>\n\t\t\t\t\t\t<\/div>\n\t\t\t\t<\/div>\n\t\t\t\t<div class=\"elementor-element elementor-element-59e0d8c2 sc_height_huge sc_fly_static elementor-widget elementor-widget-spacer\" data-id=\"59e0d8c2\" data-element_type=\"widget\" data-e-type=\"widget\" data-widget_type=\"spacer.default\">\n\t\t\t\t<div class=\"elementor-widget-container\">\n\t\t\t\t\t\t\t<div class=\"elementor-spacer\">\n\t\t\t<div class=\"elementor-spacer-inner\"><\/div>\n\t\t<\/div>\n\t\t\t\t\t\t<\/div>\n\t\t\t\t<\/div>\n\t\t\t\t\t<\/div>\n\t\t<\/div>\n\t\t\t\t\t<\/div>\n\t\t<\/section>\n\t\t\t\t<\/div>\n\t\t","protected":false},"excerpt":{"rendered":"<p>SERVICIOS \u00bfQU\u00c9 HACEMOS EN FONT FUSTERS? 01. CONTRACT SERVEIS Leer m\u00e1s 02. PORTES T\u00c8CNIQUES SERVEIS&hellip;<\/p>\n","protected":false},"author":1,"featured_media":0,"parent":0,"menu_order":0,"comment_status":"closed","ping_status":"closed","template":"","meta":{"footnotes":""},"class_list":["post-39228","page","type-page","status-publish","hentry"],"yoast_head":"<!-- This site is optimized with the Yoast SEO plugin v27.3 - https:\/\/yoast.com\/product\/yoast-seo-wordpress\/ -->\n<title>SERVICIOS - FONT FUSTERS<\/title>\n<meta name=\"robots\" content=\"index, follow, max-snippet:-1, max-image-preview:large, max-video-preview:-1\" \/>\n<link rel=\"canonical\" href=\"https:\/\/fontfusters.cat\/serveis\/\" \/>\n<meta property=\"og:locale\" content=\"es_ES\" \/>\n<meta property=\"og:type\" content=\"article\" \/>\n<meta property=\"og:title\" content=\"SERVICIOS - FONT FUSTERS\" \/>\n<meta property=\"og:description\" content=\"SERVICIOS \u00bfQU\u00c9 HACEMOS EN FONT FUSTERS? 01. CONTRACT SERVEIS Leer m\u00e1s 02. PORTES T\u00c8CNIQUES SERVEIS&hellip;\" \/>\n<meta property=\"og:url\" content=\"https:\/\/fontfusters.cat\/serveis\/\" \/>\n<meta property=\"og:site_name\" content=\"FONT FUSTERS\" \/>\n<meta property=\"article:modified_time\" content=\"2026-03-27T12:26:25+00:00\" \/>\n<meta name=\"twitter:card\" content=\"summary_large_image\" \/>\n<meta name=\"twitter:label1\" content=\"Tiempo de lectura\" \/>\n\t<meta name=\"twitter:data1\" content=\"1 minuto\" \/>\n<script type=\"application\/ld+json\" class=\"yoast-schema-graph\">{\"@context\":\"https:\\\/\\\/schema.org\",\"@graph\":[{\"@type\":\"WebPage\",\"@id\":\"https:\\\/\\\/fontfusters.cat\\\/serveis\\\/\",\"url\":\"https:\\\/\\\/fontfusters.cat\\\/serveis\\\/\",\"name\":\"SERVICIOS - FONT FUSTERS\",\"isPartOf\":{\"@id\":\"https:\\\/\\\/fontfusters.cat\\\/#website\"},\"datePublished\":\"2023-03-07T13:55:23+00:00\",\"dateModified\":\"2026-03-27T12:26:25+00:00\",\"breadcrumb\":{\"@id\":\"https:\\\/\\\/fontfusters.cat\\\/serveis\\\/#breadcrumb\"},\"inLanguage\":\"es\",\"potentialAction\":[{\"@type\":\"ReadAction\",\"target\":[\"https:\\\/\\\/fontfusters.cat\\\/serveis\\\/\"]}]},{\"@type\":\"BreadcrumbList\",\"@id\":\"https:\\\/\\\/fontfusters.cat\\\/serveis\\\/#breadcrumb\",\"itemListElement\":[{\"@type\":\"ListItem\",\"position\":1,\"name\":\"Inici\",\"item\":\"https:\\\/\\\/fontfusters.cat\\\/es\\\/\"},{\"@type\":\"ListItem\",\"position\":2,\"name\":\"SERVICIOS\"}]},{\"@type\":\"WebSite\",\"@id\":\"https:\\\/\\\/fontfusters.cat\\\/#website\",\"url\":\"https:\\\/\\\/fontfusters.cat\\\/\",\"name\":\"FONT FUSTERS\",\"description\":\"Professionals que estimem la fusta\",\"publisher\":{\"@id\":\"https:\\\/\\\/fontfusters.cat\\\/#organization\"},\"potentialAction\":[{\"@type\":\"SearchAction\",\"target\":{\"@type\":\"EntryPoint\",\"urlTemplate\":\"https:\\\/\\\/fontfusters.cat\\\/?s={search_term_string}\"},\"query-input\":{\"@type\":\"PropertyValueSpecification\",\"valueRequired\":true,\"valueName\":\"search_term_string\"}}],\"inLanguage\":\"es\"},{\"@type\":\"Organization\",\"@id\":\"https:\\\/\\\/fontfusters.cat\\\/#organization\",\"name\":\"FONT FUSTERS\",\"url\":\"https:\\\/\\\/fontfusters.cat\\\/\",\"logo\":{\"@type\":\"ImageObject\",\"inLanguage\":\"es\",\"@id\":\"https:\\\/\\\/fontfusters.cat\\\/#\\\/schema\\\/logo\\\/image\\\/\",\"url\":\"https:\\\/\\\/fontfusters.cat\\\/wp-content\\\/uploads\\\/2023\\\/09\\\/cropped-logo_font_fusters.jpg\",\"contentUrl\":\"https:\\\/\\\/fontfusters.cat\\\/wp-content\\\/uploads\\\/2023\\\/09\\\/cropped-logo_font_fusters.jpg\",\"width\":798,\"height\":192,\"caption\":\"FONT FUSTERS\"},\"image\":{\"@id\":\"https:\\\/\\\/fontfusters.cat\\\/#\\\/schema\\\/logo\\\/image\\\/\"}}]}<\/script>\n<!-- \/ Yoast SEO plugin. -->","yoast_head_json":{"title":"SERVICIOS - FONT FUSTERS","robots":{"index":"index","follow":"follow","max-snippet":"max-snippet:-1","max-image-preview":"max-image-preview:large","max-video-preview":"max-video-preview:-1"},"canonical":"https:\/\/fontfusters.cat\/serveis\/","og_locale":"es_ES","og_type":"article","og_title":"SERVICIOS - FONT FUSTERS","og_description":"SERVICIOS \u00bfQU\u00c9 HACEMOS EN FONT FUSTERS? 01. CONTRACT SERVEIS Leer m\u00e1s 02. PORTES T\u00c8CNIQUES SERVEIS&hellip;","og_url":"https:\/\/fontfusters.cat\/serveis\/","og_site_name":"FONT FUSTERS","article_modified_time":"2026-03-27T12:26:25+00:00","twitter_card":"summary_large_image","twitter_misc":{"Tiempo de lectura":"1 minuto"},"schema":{"@context":"https:\/\/schema.org","@graph":[{"@type":"WebPage","@id":"https:\/\/fontfusters.cat\/serveis\/","url":"https:\/\/fontfusters.cat\/serveis\/","name":"SERVICIOS - FONT FUSTERS","isPartOf":{"@id":"https:\/\/fontfusters.cat\/#website"},"datePublished":"2023-03-07T13:55:23+00:00","dateModified":"2026-03-27T12:26:25+00:00","breadcrumb":{"@id":"https:\/\/fontfusters.cat\/serveis\/#breadcrumb"},"inLanguage":"es","potentialAction":[{"@type":"ReadAction","target":["https:\/\/fontfusters.cat\/serveis\/"]}]},{"@type":"BreadcrumbList","@id":"https:\/\/fontfusters.cat\/serveis\/#breadcrumb","itemListElement":[{"@type":"ListItem","position":1,"name":"Inici","item":"https:\/\/fontfusters.cat\/es\/"},{"@type":"ListItem","position":2,"name":"SERVICIOS"}]},{"@type":"WebSite","@id":"https:\/\/fontfusters.cat\/#website","url":"https:\/\/fontfusters.cat\/","name":"FONT FUSTERS","description":"Professionals que estimem la fusta","publisher":{"@id":"https:\/\/fontfusters.cat\/#organization"},"potentialAction":[{"@type":"SearchAction","target":{"@type":"EntryPoint","urlTemplate":"https:\/\/fontfusters.cat\/?s={search_term_string}"},"query-input":{"@type":"PropertyValueSpecification","valueRequired":true,"valueName":"search_term_string"}}],"inLanguage":"es"},{"@type":"Organization","@id":"https:\/\/fontfusters.cat\/#organization","name":"FONT FUSTERS","url":"https:\/\/fontfusters.cat\/","logo":{"@type":"ImageObject","inLanguage":"es","@id":"https:\/\/fontfusters.cat\/#\/schema\/logo\/image\/","url":"https:\/\/fontfusters.cat\/wp-content\/uploads\/2023\/09\/cropped-logo_font_fusters.jpg","contentUrl":"https:\/\/fontfusters.cat\/wp-content\/uploads\/2023\/09\/cropped-logo_font_fusters.jpg","width":798,"height":192,"caption":"FONT FUSTERS"},"image":{"@id":"https:\/\/fontfusters.cat\/#\/schema\/logo\/image\/"}}]}},"_links":{"self":[{"href":"https:\/\/fontfusters.cat\/es\/wp-json\/wp\/v2\/pages\/39228","targetHints":{"allow":["GET"]}}],"collection":[{"href":"https:\/\/fontfusters.cat\/es\/wp-json\/wp\/v2\/pages"}],"about":[{"href":"https:\/\/fontfusters.cat\/es\/wp-json\/wp\/v2\/types\/page"}],"author":[{"embeddable":true,"href":"https:\/\/fontfusters.cat\/es\/wp-json\/wp\/v2\/users\/1"}],"replies":[{"embeddable":true,"href":"https:\/\/fontfusters.cat\/es\/wp-json\/wp\/v2\/comments?post=39228"}],"version-history":[{"count":5,"href":"https:\/\/fontfusters.cat\/es\/wp-json\/wp\/v2\/pages\/39228\/revisions"}],"predecessor-version":[{"id":41253,"href":"https:\/\/fontfusters.cat\/es\/wp-json\/wp\/v2\/pages\/39228\/revisions\/41253"}],"wp:attachment":[{"href":"https:\/\/fontfusters.cat\/es\/wp-json\/wp\/v2\/media?parent=39228"}],"curies":[{"name":"wp","href":"https:\/\/api.w.org\/{rel}","templated":true}]}}