{"id":39234,"date":"2023-03-07T14:27:46","date_gmt":"2023-03-07T14:27:46","guid":{"rendered":"https:\/\/fontfusters.cat\/avis-legal\/"},"modified":"2025-11-03T11:58:55","modified_gmt":"2025-11-03T11:58:55","slug":"avis-legal","status":"publish","type":"page","link":"https:\/\/fontfusters.cat\/es\/avis-legal\/","title":{"rendered":"Aviso Legal y Condiciones de Uso del sitio web"},"content":{"rendered":"\t\t<div data-elementor-type=\"wp-page\" data-elementor-id=\"39234\" class=\"elementor elementor-39234 elementor-29570\" data-elementor-post-type=\"page\">\n\t\t\t\t\t\t<section class=\"elementor-section elementor-top-section elementor-element elementor-element-2cdfbdd7 elementor-section-boxed elementor-section-height-default elementor-section-height-default sc_fly_static\" data-id=\"2cdfbdd7\" data-element_type=\"section\" data-e-type=\"section\" data-settings=\"{&quot;background_background&quot;:&quot;classic&quot;}\">\n\t\t\t\t\t\t<div class=\"elementor-container elementor-column-gap-extended\">\n\t\t\t\t\t<div class=\"elementor-column elementor-col-100 elementor-top-column elementor-element elementor-element-275265dd sc_inner_width_none sc_content_align_inherit sc_layouts_column_icons_position_left sc_fly_static\" data-id=\"275265dd\" data-element_type=\"column\" data-e-type=\"column\">\n\t\t\t<div class=\"elementor-widget-wrap elementor-element-populated\">\n\t\t\t\t\t\t<div class=\"elementor-element elementor-element-2e74fa00 sc_fly_static elementor-widget elementor-widget-text-editor\" data-id=\"2e74fa00\" data-element_type=\"widget\" data-e-type=\"widget\" data-widget_type=\"text-editor.default\">\n\t\t\t\t<div class=\"elementor-widget-container\">\n\t\t\t\t\t\t\t\t\t<h5>AVISO LEGAL Y CONDICIONES DE USO DEL SITIO WEB<\/h5><div><div><p>De acuerdo con el deber de informaci\u00f3n establecido a la Ley 34\/2002, de 11 de julio, de Servicios de la Informaci\u00f3n y E-commerce, a continuaci\u00f3n se indican los datos de informaci\u00f3n general del sitio web: http:\/\/fontfusters.cat.<\/p><p>Identidad: FONT FUSTERS, SL.<br>C.I.F.: B-60719879.<br>Datos registrales: Inscrita en el Registre Mercantil de Barcelona, en el volumen 32509, foli 185, fulla B-123179.<br>Domicilio: Avinguda Europa, n\u00famero 6, nau 2-A \u2013 (08700) IGUALADA.<br>Tel\u00e9fono: +34 93 803 51 31.<br>Correo electr\u00f3nico: font@fontfusters.cat<\/p><\/div><\/div>\t\t\t\t\t\t\t\t<\/div>\n\t\t\t\t<\/div>\n\t\t\t\t\t<\/div>\n\t\t<\/div>\n\t\t\t\t\t<\/div>\n\t\t<\/section>\n\t\t\t\t<section class=\"elementor-section elementor-top-section elementor-element elementor-element-2e652082 elementor-section-boxed elementor-section-height-default elementor-section-height-default sc_fly_static\" data-id=\"2e652082\" data-element_type=\"section\" data-e-type=\"section\">\n\t\t\t\t\t\t<div class=\"elementor-container elementor-column-gap-extended\">\n\t\t\t\t\t<div class=\"elementor-column elementor-col-100 elementor-top-column elementor-element elementor-element-2e47cb51 sc_inner_width_none sc_content_align_inherit sc_layouts_column_icons_position_left sc_fly_static\" data-id=\"2e47cb51\" data-element_type=\"column\" data-e-type=\"column\">\n\t\t\t<div class=\"elementor-widget-wrap elementor-element-populated\">\n\t\t\t\t\t\t<div class=\"elementor-element elementor-element-5ddf5088 sc_fly_static elementor-widget elementor-widget-spacer\" data-id=\"5ddf5088\" data-element_type=\"widget\" data-e-type=\"widget\" data-widget_type=\"spacer.default\">\n\t\t\t\t<div class=\"elementor-widget-container\">\n\t\t\t\t\t\t\t<div class=\"elementor-spacer\">\n\t\t\t<div class=\"elementor-spacer-inner\"><\/div>\n\t\t<\/div>\n\t\t\t\t\t\t<\/div>\n\t\t\t\t<\/div>\n\t\t\t\t\t<\/div>\n\t\t<\/div>\n\t\t\t\t\t<\/div>\n\t\t<\/section>\n\t\t\t\t<section class=\"elementor-section elementor-top-section elementor-element elementor-element-1e37e646 elementor-section-boxed elementor-section-height-default elementor-section-height-default sc_fly_static\" data-id=\"1e37e646\" data-element_type=\"section\" data-e-type=\"section\" data-settings=\"{&quot;background_background&quot;:&quot;classic&quot;}\">\n\t\t\t\t\t\t<div class=\"elementor-container elementor-column-gap-extended\">\n\t\t\t\t\t<div class=\"elementor-column elementor-col-100 elementor-top-column elementor-element elementor-element-33157984 sc_inner_width_none sc_content_align_inherit sc_layouts_column_icons_position_left sc_fly_static\" data-id=\"33157984\" data-element_type=\"column\" data-e-type=\"column\">\n\t\t\t<div class=\"elementor-widget-wrap elementor-element-populated\">\n\t\t\t\t\t\t<div class=\"elementor-element elementor-element-46201b2f sc_fly_static elementor-widget elementor-widget-text-editor\" data-id=\"46201b2f\" data-element_type=\"widget\" data-e-type=\"widget\" data-widget_type=\"text-editor.default\">\n\t\t\t\t<div class=\"elementor-widget-container\">\n\t\t\t\t\t\t\t\t\t<h5>TERMAS Y CONDICIONES DE USO<\/h5>\nEl acceso y utilizaci\u00f3n de este sitio web otorga la condici\u00f3n de usuario e implica la plena aceptaci\u00f3n de las condiciones de uso de este, recogidas al presente aviso legal. Le rogamos que las lea atentamente. El hecho de acceder a este sitio web y utilizar los materiales que contiene, implica que usted ha le\u00eddo y acepta, sin ninguna reserva, estas condiciones. En caso de no estar conforme con estas, el usuario se abstendr\u00e1 de utilizar el sitio web.<x id=\"gid_0\"><\/x>Con el fin de cumplir con la normativa este aviso legal est\u00e1 sujeto a cambios y autorizaciones, por lo cual recomendamos al usuario su lectura y revisi\u00f3n siempre que acceda en la web.<x id=\"gid_1\"><\/x>Aun as\u00ed, algunos de los servicios ofrecidos a trav\u00e9s del sitio web pueden estar sujetos, adem\u00e1s de a las condiciones que se describen al presente aviso legal, a sus propias condiciones particulares de uso que, si se proceden, tambi\u00e9n ser\u00e1n aplicables. En consecuencia, la navegaci\u00f3n del usuario al sitio web supone, no solo la aceptaci\u00f3n del presente aviso legal, sino tambi\u00e9n la plena aceptaci\u00f3n de estas condiciones particulares cuando sean de aplicaci\u00f3n.    \n<h6>1. Condiciones de uso.<\/h6>\nEste sitio web contiene materiales preparados por la empresa o por sus prestamistas de servicios con car\u00e1cter meramente informativo y de consulta. Aun as\u00ed, puede incluir enlaces o links que pueden conducir al usuario en otros lugares y p\u00e1ginas web gestionados por terceros, de los cuales FONT FUSTERS, SL no responder\u00e1 ni de sus contenidos ni del estado de estos sitios web y tampoco implica recomendaci\u00f3n o aprobaci\u00f3n sobre sus contenidos.<x id=\"gid_0\"><\/x>Las informaciones contenidas al sitio web son las vigentes a la fecha de la \u00faltima actualizaci\u00f3n y tienen que considerarse indicativas por el usuario. Por cualquier cuesti\u00f3n que pudiera surgir sobre los contenidos, actividades comerciales, productos y servicios, resulta de aplicaci\u00f3n la normativa reguladora vigente, siendo los \u00f3rganos jurisdiccionales los competentes para conocer de los eventuales asuntos.  \n\nEn todo caso, FONT FUSTERS, SL se reserva todos los derechos para modificar, limitar o cancelar el acceso y contenidos del sitio web en cualquier momento, as\u00ed como la facultad de efectuar modificaciones en la configuraci\u00f3n o en la presentaci\u00f3n de su web.\nSin perjuicio de los derechos legales del usuario del sitio web y, en su caso, los derechos reconocidos a los consumidores, FONT FUSTERS, SL no garantiza la disponibilidad, acceso y continuidad de funcionamiento del sitio web, de sus servicios y de sus contenidos. Siempre que sea posible, FONT FUSTERS, SL avisar\u00e1 con car\u00e1cter previo al usuario de las interrupciones al sitio web. No obstante, no ser\u00e1 responsable de los da\u00f1os y perjuicios sufridos por este a causa de la carencia de disponibilidad, acceso o continuidad del sitio web o de cualquier de sus servicios o contenidos. Aun as\u00ed, FONT FUSTERS, SL omite cualquier tipo de responsabilidad que pudiera derivarse de la existencia de problemas t\u00e9cnicos o errores mec\u00e1nicos a los equipos inform\u00e1ticos producidos durante la conexi\u00f3n a internet.   \n<h6>2. Limitaci\u00f3n de responsabilidad.<\/h6>\nEl usuario se compromete a hacer un uso diligente del presente sitio web, de conformidad con la legislaci\u00f3n vigente, el presente aviso legal, las condiciones particulares (en caso de existir) y cualquier otra comunicaci\u00f3n puesta en su conocimiento a trav\u00e9s de este u otro medio, as\u00ed como las normas de convivencia, la moral y las buenas costumbres generalmente aceptados. FONT FUSTERS, SL no se responsabiliza de la incorrecta utilizaci\u00f3n que los usuarios realicen sobre la informaci\u00f3n o contenidos del servicio, siendo estos actos de la exclusiva responsabilidad del usuario.<x id=\"gid_0\"><\/x>Ni FONT FUSTERS, SL ni las personas de su organizaci\u00f3n se hacen responsables de los errores u omisiones en los contenidos publicados, dado que son meramente de car\u00e1cter informativo. Aun as\u00ed, FONT FUSTERS, SL no se hace responsable de ning\u00fan da\u00f1o que pudiera derivarse de la utilizaci\u00f3n de este sitio web o de cualquier actuaci\u00f3n realizada en base a la informaci\u00f3n que aqu\u00ed se facilita.  \n\nEn cualquier caso, FONT FUSTERS, SL no asume la responsabilidad de las interpretaciones del usuario sobre la informaci\u00f3n contenida a su sitio web.\n<h6>3. Derechos de propiedad intelectual.<\/h6>\nQuedan reservados a favor de FONT FUSTERS, SL todos los derechos de propiedad intelectual sobre la totalidad del contenido de este sitio web, ya sean textos, im\u00e1genes, sonido, ficheros, marcas, logotipos, combinaciones de colores o cualquier otro elemento. Su estructura y dise\u00f1o, la selecci\u00f3n y forma de presentaci\u00f3n de los materiales incluidos, as\u00ed como los programas de ordenador e inform\u00e1ticos necesarios para su funcionamiento, acceso y utilizaci\u00f3n, los cuales est\u00e1n protegidos por derechos de propiedad intelectual e industrial, titularidad de FONT FUSTERS, SL y\/o de sus colaboradores y\/o sociedades participadas.\nEst\u00e1 prohibida la reproducci\u00f3n, transformaci\u00f3n, distribuci\u00f3n, comunicaci\u00f3n p\u00fablica, puesta a disposici\u00f3n del p\u00fablico y en general cualquier otra forma de explotaci\u00f3n, por cualquier procedimiento, de todo o parte de los contenidos de este sitio web, as\u00ed como de su dise\u00f1o y la selecci\u00f3n y forma de presentaci\u00f3n de los materiales que incluye.\nSe proh\u00edbe descompilar, desacoplar o realizar ingenier\u00eda inversa, as\u00ed como suprimir, alterar, eludir o manipular cualquier dispositivo de protecci\u00f3n o sistemas de seguridad que puedan estar instalados. \n\nCualquier uso no autorizado del software o del contenido de este sitio web puede suponer el incumplimiento de las leyes de propiedad intelectual, propiedad industrial, derechos personales, derechos de publicidad y de comunicaci\u00f3n y, por lo tanto, FONT FUSTERS, SL, podr\u00e1 ejercer todas las acciones civiles y\/o penaltis que correspondan contra quienes lesione sus derechos.\n<h6>4. Veracidad y confidencialidad de los datos propios.<\/h6>\nLa informaci\u00f3n que el usuario facilite a trav\u00e9s del sitio web y\/o mediante cualquier otro canal de comunicaci\u00f3n, tendr\u00e1 que ser veraz, cumplida, precisa y actualizada. Al efecto, el usuario garantiza la autenticidad de todos aquellos datos que se comuniquen, siente el \u00fanico responsable de las manifestaciones falsas o inexactas que realice y de los perjuicios que con estas pueda causar a FONT FUSTERS, SL o a terceros. As\u00ed mismo, el usuario ser\u00e1 el \u00fanico responsable de las informaciones que facilite referentes a terceras personas.<x id=\"gid_0\"><\/x>El usuario se compromete a mantener la confidencialidad de sus datos y credenciales de acceso a su \u00e1rea privada, en caso de tener, as\u00ed como de las actividades, gestiones y tr\u00e1mites que en esta se puedan llevar a cabo. En el supuesto que un tercero realice un uso ileg\u00edtimo o fraudulento de la cuenta y\/o credenciales del usuario, o bien un uso que ponga en riesgo la seguridad, el usuario tendr\u00e1 que notificarlo a FONT FUSTERS, SL inmediatamente para adoptar las medidas necesarias para prevenir y reducir los posibles riesgos que se pudieran derivar.   \n<h6>5. Cookies y pol\u00edtica antispamming.<\/h6>\nEste sitio web utiliza cookies propias y de terceros para personalizar la navegaci\u00f3n, mejorar sus servicios y mostrar publicidad relacionada con las preferencias del usuario mediante el an\u00e1lisis de sus h\u00e1bitos de navegaci\u00f3n. El usuario tendr\u00e1 que aceptar la pol\u00edtica de cookies de forma expr\u00e9s y la podr\u00e1 consultar en cualquier momento accediendo en el apartado web correspondiente.\nFONT FUSTERS, SL es contraria a la pr\u00e1ctica de la SPAM (env\u00edo masivo y continuado al correo electr\u00f3nico de mensajes publicitarios, normalmente comerciales, dirigidos a una pluralidad de personas y no solicitados). Es por lo tanto que los usuarios y terceros perjudicados por la recepci\u00f3n de SPAM, el env\u00edo del cual no haya sido previamente consentido o se pretenda cancelar, pueden ponerse en contacto con FONT FUSTERS, SL a font@fontfusters.cat para adoptar las medidas necesarias que lo eviten.  \n<h6>6. Protecci\u00f3n de datos.<\/h6>\nAlgunos de los servicios incluidos en este sitio web exigen la recogida de datos personales del usuario para su correcta prestaci\u00f3n. El usuario, antes de facilitar a FONT FUSTERS, SL sus datos, tendr\u00e1 que leer y aceptar la pol\u00edtica de protecci\u00f3n de datos, que podr\u00e1 encontrar en el apartado web habilitado, as\u00ed como a los formularios y\/o documentos habilitados para la introducci\u00f3n de datos, seg\u00fan proceda. \n<h6>7. Jurisdicci\u00f3n y legislaci\u00f3n aplicable.<\/h6>\nLa legislaci\u00f3n aplicable al contenido de este sitio web ser\u00e1 la vigente al \u00e1mbito territorial y la jurisdicci\u00f3n a la cual se somete FONT FUSTERS, SL para la resoluci\u00f3n de cualquier conflicto o cuesti\u00f3n litigiosa que pudiera derivarse de su relaci\u00f3n con el usuario es la de los juzgados de Igualada.\n\t\t\t\t\t\t\t\t<\/div>\n\t\t\t\t<\/div>\n\t\t\t\t\t<\/div>\n\t\t<\/div>\n\t\t\t\t\t<\/div>\n\t\t<\/section>\n\t\t\t\t<section class=\"elementor-section elementor-top-section elementor-element elementor-element-11baf55a elementor-section-boxed elementor-section-height-default elementor-section-height-default sc_fly_static\" data-id=\"11baf55a\" data-element_type=\"section\" data-e-type=\"section\">\n\t\t\t\t\t\t<div class=\"elementor-container elementor-column-gap-extended\">\n\t\t\t\t\t<div class=\"elementor-column elementor-col-100 elementor-top-column elementor-element elementor-element-6e86c5bf sc_inner_width_none sc_content_align_inherit sc_layouts_column_icons_position_left sc_fly_static\" data-id=\"6e86c5bf\" data-element_type=\"column\" data-e-type=\"column\">\n\t\t\t<div class=\"elementor-widget-wrap elementor-element-populated\">\n\t\t\t\t\t\t<div class=\"elementor-element elementor-element-cfdc446 sc_fly_static elementor-widget elementor-widget-spacer\" data-id=\"cfdc446\" data-element_type=\"widget\" data-e-type=\"widget\" data-widget_type=\"spacer.default\">\n\t\t\t\t<div class=\"elementor-widget-container\">\n\t\t\t\t\t\t\t<div class=\"elementor-spacer\">\n\t\t\t<div class=\"elementor-spacer-inner\"><\/div>\n\t\t<\/div>\n\t\t\t\t\t\t<\/div>\n\t\t\t\t<\/div>\n\t\t\t\t\t<\/div>\n\t\t<\/div>\n\t\t\t\t\t<\/div>\n\t\t<\/section>\n\t\t\t\t<section class=\"elementor-section elementor-top-section elementor-element elementor-element-58b5af22 elementor-section-boxed elementor-section-height-default elementor-section-height-default sc_fly_static\" data-id=\"58b5af22\" data-element_type=\"section\" data-e-type=\"section\">\n\t\t\t\t\t\t<div class=\"elementor-container elementor-column-gap-extended\">\n\t\t\t\t\t<div class=\"elementor-column elementor-col-100 elementor-top-column elementor-element elementor-element-3a79a57f sc_inner_width_none sc_content_align_inherit sc_layouts_column_icons_position_left sc_fly_static\" data-id=\"3a79a57f\" data-element_type=\"column\" data-e-type=\"column\">\n\t\t\t<div class=\"elementor-widget-wrap elementor-element-populated\">\n\t\t\t\t\t\t<div class=\"elementor-element elementor-element-77774ef4 sc_fly_static elementor-widget elementor-widget-spacer\" data-id=\"77774ef4\" data-element_type=\"widget\" data-e-type=\"widget\" data-widget_type=\"spacer.default\">\n\t\t\t\t<div class=\"elementor-widget-container\">\n\t\t\t\t\t\t\t<div class=\"elementor-spacer\">\n\t\t\t<div class=\"elementor-spacer-inner\"><\/div>\n\t\t<\/div>\n\t\t\t\t\t\t<\/div>\n\t\t\t\t<\/div>\n\t\t\t\t\t<\/div>\n\t\t<\/div>\n\t\t\t\t\t<\/div>\n\t\t<\/section>\n\t\t\t\t<\/div>\n\t\t","protected":false},"excerpt":{"rendered":"<p>AVISO LEGAL Y CONDICIONES DE USO DEL SITIO WEB De acuerdo con el deber de&hellip;<\/p>\n","protected":false},"author":1,"featured_media":0,"parent":0,"menu_order":0,"comment_status":"closed","ping_status":"closed","template":"","meta":{"footnotes":""},"class_list":["post-39234","page","type-page","status-publish","hentry"],"yoast_head":"<!-- This site is optimized with the Yoast SEO plugin v27.3 - https:\/\/yoast.com\/product\/yoast-seo-wordpress\/ -->\n<title>Aviso Legal y Condiciones de Uso del sitio web - FONT FUSTERS<\/title>\n<meta name=\"robots\" content=\"index, follow, max-snippet:-1, max-image-preview:large, max-video-preview:-1\" \/>\n<link rel=\"canonical\" href=\"https:\/\/fontfusters.cat\/avis-legal\/\" \/>\n<meta property=\"og:locale\" content=\"es_ES\" \/>\n<meta property=\"og:type\" content=\"article\" \/>\n<meta property=\"og:title\" content=\"Aviso Legal y Condiciones de Uso del sitio web - FONT FUSTERS\" \/>\n<meta property=\"og:description\" content=\"AVISO LEGAL Y CONDICIONES DE USO DEL SITIO WEB De acuerdo con el deber de&hellip;\" \/>\n<meta property=\"og:url\" content=\"https:\/\/fontfusters.cat\/avis-legal\/\" \/>\n<meta property=\"og:site_name\" content=\"FONT FUSTERS\" \/>\n<meta property=\"article:modified_time\" content=\"2025-11-03T11:58:55+00:00\" \/>\n<meta name=\"twitter:card\" content=\"summary_large_image\" \/>\n<meta name=\"twitter:label1\" content=\"Tiempo de lectura\" \/>\n\t<meta name=\"twitter:data1\" content=\"8 minutos\" \/>\n<script type=\"application\/ld+json\" class=\"yoast-schema-graph\">{\"@context\":\"https:\\\/\\\/schema.org\",\"@graph\":[{\"@type\":\"WebPage\",\"@id\":\"https:\\\/\\\/fontfusters.cat\\\/avis-legal\\\/\",\"url\":\"https:\\\/\\\/fontfusters.cat\\\/avis-legal\\\/\",\"name\":\"Aviso Legal y Condiciones de Uso del sitio web - FONT FUSTERS\",\"isPartOf\":{\"@id\":\"https:\\\/\\\/fontfusters.cat\\\/#website\"},\"datePublished\":\"2023-03-07T14:27:46+00:00\",\"dateModified\":\"2025-11-03T11:58:55+00:00\",\"breadcrumb\":{\"@id\":\"https:\\\/\\\/fontfusters.cat\\\/avis-legal\\\/#breadcrumb\"},\"inLanguage\":\"es\",\"potentialAction\":[{\"@type\":\"ReadAction\",\"target\":[\"https:\\\/\\\/fontfusters.cat\\\/avis-legal\\\/\"]}]},{\"@type\":\"BreadcrumbList\",\"@id\":\"https:\\\/\\\/fontfusters.cat\\\/avis-legal\\\/#breadcrumb\",\"itemListElement\":[{\"@type\":\"ListItem\",\"position\":1,\"name\":\"Inici\",\"item\":\"https:\\\/\\\/fontfusters.cat\\\/es\\\/\"},{\"@type\":\"ListItem\",\"position\":2,\"name\":\"Aviso Legal y Condiciones de Uso del sitio web\"}]},{\"@type\":\"WebSite\",\"@id\":\"https:\\\/\\\/fontfusters.cat\\\/#website\",\"url\":\"https:\\\/\\\/fontfusters.cat\\\/\",\"name\":\"FONT FUSTERS\",\"description\":\"Professionals que estimem la fusta\",\"publisher\":{\"@id\":\"https:\\\/\\\/fontfusters.cat\\\/#organization\"},\"potentialAction\":[{\"@type\":\"SearchAction\",\"target\":{\"@type\":\"EntryPoint\",\"urlTemplate\":\"https:\\\/\\\/fontfusters.cat\\\/?s={search_term_string}\"},\"query-input\":{\"@type\":\"PropertyValueSpecification\",\"valueRequired\":true,\"valueName\":\"search_term_string\"}}],\"inLanguage\":\"es\"},{\"@type\":\"Organization\",\"@id\":\"https:\\\/\\\/fontfusters.cat\\\/#organization\",\"name\":\"FONT FUSTERS\",\"url\":\"https:\\\/\\\/fontfusters.cat\\\/\",\"logo\":{\"@type\":\"ImageObject\",\"inLanguage\":\"es\",\"@id\":\"https:\\\/\\\/fontfusters.cat\\\/#\\\/schema\\\/logo\\\/image\\\/\",\"url\":\"https:\\\/\\\/fontfusters.cat\\\/wp-content\\\/uploads\\\/2023\\\/09\\\/cropped-logo_font_fusters.jpg\",\"contentUrl\":\"https:\\\/\\\/fontfusters.cat\\\/wp-content\\\/uploads\\\/2023\\\/09\\\/cropped-logo_font_fusters.jpg\",\"width\":798,\"height\":192,\"caption\":\"FONT FUSTERS\"},\"image\":{\"@id\":\"https:\\\/\\\/fontfusters.cat\\\/#\\\/schema\\\/logo\\\/image\\\/\"}}]}<\/script>\n<!-- \/ Yoast SEO plugin. -->","yoast_head_json":{"title":"Aviso Legal y Condiciones de Uso del sitio web - FONT FUSTERS","robots":{"index":"index","follow":"follow","max-snippet":"max-snippet:-1","max-image-preview":"max-image-preview:large","max-video-preview":"max-video-preview:-1"},"canonical":"https:\/\/fontfusters.cat\/avis-legal\/","og_locale":"es_ES","og_type":"article","og_title":"Aviso Legal y Condiciones de Uso del sitio web - FONT FUSTERS","og_description":"AVISO LEGAL Y CONDICIONES DE USO DEL SITIO WEB De acuerdo con el deber de&hellip;","og_url":"https:\/\/fontfusters.cat\/avis-legal\/","og_site_name":"FONT FUSTERS","article_modified_time":"2025-11-03T11:58:55+00:00","twitter_card":"summary_large_image","twitter_misc":{"Tiempo de lectura":"8 minutos"},"schema":{"@context":"https:\/\/schema.org","@graph":[{"@type":"WebPage","@id":"https:\/\/fontfusters.cat\/avis-legal\/","url":"https:\/\/fontfusters.cat\/avis-legal\/","name":"Aviso Legal y Condiciones de Uso del sitio web - FONT FUSTERS","isPartOf":{"@id":"https:\/\/fontfusters.cat\/#website"},"datePublished":"2023-03-07T14:27:46+00:00","dateModified":"2025-11-03T11:58:55+00:00","breadcrumb":{"@id":"https:\/\/fontfusters.cat\/avis-legal\/#breadcrumb"},"inLanguage":"es","potentialAction":[{"@type":"ReadAction","target":["https:\/\/fontfusters.cat\/avis-legal\/"]}]},{"@type":"BreadcrumbList","@id":"https:\/\/fontfusters.cat\/avis-legal\/#breadcrumb","itemListElement":[{"@type":"ListItem","position":1,"name":"Inici","item":"https:\/\/fontfusters.cat\/es\/"},{"@type":"ListItem","position":2,"name":"Aviso Legal y Condiciones de Uso del sitio web"}]},{"@type":"WebSite","@id":"https:\/\/fontfusters.cat\/#website","url":"https:\/\/fontfusters.cat\/","name":"FONT FUSTERS","description":"Professionals que estimem la fusta","publisher":{"@id":"https:\/\/fontfusters.cat\/#organization"},"potentialAction":[{"@type":"SearchAction","target":{"@type":"EntryPoint","urlTemplate":"https:\/\/fontfusters.cat\/?s={search_term_string}"},"query-input":{"@type":"PropertyValueSpecification","valueRequired":true,"valueName":"search_term_string"}}],"inLanguage":"es"},{"@type":"Organization","@id":"https:\/\/fontfusters.cat\/#organization","name":"FONT FUSTERS","url":"https:\/\/fontfusters.cat\/","logo":{"@type":"ImageObject","inLanguage":"es","@id":"https:\/\/fontfusters.cat\/#\/schema\/logo\/image\/","url":"https:\/\/fontfusters.cat\/wp-content\/uploads\/2023\/09\/cropped-logo_font_fusters.jpg","contentUrl":"https:\/\/fontfusters.cat\/wp-content\/uploads\/2023\/09\/cropped-logo_font_fusters.jpg","width":798,"height":192,"caption":"FONT FUSTERS"},"image":{"@id":"https:\/\/fontfusters.cat\/#\/schema\/logo\/image\/"}}]}},"_links":{"self":[{"href":"https:\/\/fontfusters.cat\/es\/wp-json\/wp\/v2\/pages\/39234","targetHints":{"allow":["GET"]}}],"collection":[{"href":"https:\/\/fontfusters.cat\/es\/wp-json\/wp\/v2\/pages"}],"about":[{"href":"https:\/\/fontfusters.cat\/es\/wp-json\/wp\/v2\/types\/page"}],"author":[{"embeddable":true,"href":"https:\/\/fontfusters.cat\/es\/wp-json\/wp\/v2\/users\/1"}],"replies":[{"embeddable":true,"href":"https:\/\/fontfusters.cat\/es\/wp-json\/wp\/v2\/comments?post=39234"}],"version-history":[{"count":2,"href":"https:\/\/fontfusters.cat\/es\/wp-json\/wp\/v2\/pages\/39234\/revisions"}],"predecessor-version":[{"id":39236,"href":"https:\/\/fontfusters.cat\/es\/wp-json\/wp\/v2\/pages\/39234\/revisions\/39236"}],"wp:attachment":[{"href":"https:\/\/fontfusters.cat\/es\/wp-json\/wp\/v2\/media?parent=39234"}],"curies":[{"name":"wp","href":"https:\/\/api.w.org\/{rel}","templated":true}]}}