{"id":39237,"date":"2024-07-11T09:33:43","date_gmt":"2024-07-11T09:33:43","guid":{"rendered":"https:\/\/fontfusters.cat\/politica-de-cookies\/"},"modified":"2025-11-03T12:32:07","modified_gmt":"2025-11-03T12:32:07","slug":"politica-de-cookies","status":"publish","type":"page","link":"https:\/\/fontfusters.cat\/es\/politica-de-cookies\/","title":{"rendered":"Pol\u00edtica de Cookies"},"content":{"rendered":"\t\t<div data-elementor-type=\"wp-page\" data-elementor-id=\"39237\" class=\"elementor elementor-39237 elementor-35571\" data-elementor-post-type=\"page\">\n\t\t\t\t\t\t<section class=\"elementor-section elementor-top-section elementor-element elementor-element-2cdfbdd7 elementor-section-boxed elementor-section-height-default elementor-section-height-default sc_fly_static\" data-id=\"2cdfbdd7\" data-element_type=\"section\" data-e-type=\"section\" data-settings=\"{&quot;background_background&quot;:&quot;classic&quot;}\">\n\t\t\t\t\t\t<div class=\"elementor-container elementor-column-gap-extended\">\n\t\t\t\t\t<div class=\"elementor-column elementor-col-100 elementor-top-column elementor-element elementor-element-275265dd sc_inner_width_none sc_content_align_inherit sc_layouts_column_icons_position_left sc_fly_static\" data-id=\"275265dd\" data-element_type=\"column\" data-e-type=\"column\">\n\t\t\t<div class=\"elementor-widget-wrap elementor-element-populated\">\n\t\t\t\t\t\t<div class=\"elementor-element elementor-element-2e74fa00 sc_fly_static elementor-widget elementor-widget-text-editor\" data-id=\"2e74fa00\" data-element_type=\"widget\" data-e-type=\"widget\" data-widget_type=\"text-editor.default\">\n\t\t\t\t<div class=\"elementor-widget-container\">\n\t\t\t\t\t\t\t\t\t<h5>POL\u00cdTICA DE COOKIES<\/h5><div><div><p>Mediante la presente pol\u00edtica de cookies, FONT FUSTERS, SL pretende informarlo de manera clara y precisa sobre las cookies que se utilizan en la p\u00e1gina web <a href=\"http:\/\/fontfusters.cat\">http:\/\/fontfusters.cat<\/a>.<br>Las cookies son peque\u00f1os ficheros de datos que se generan, descargan y almacenan al navegador del usuario y que permiten que sea el propio usuario el que almacene la informaci\u00f3n que genera su actividad en la red y que permite que el sitio web recuerde informaci\u00f3n sobre su visita para facilitar su pr\u00f3xima visita y permitir que el sitio web le resulte m\u00e1s \u00fatil.<\/p><p>As\u00ed pues, las cookies permiten en la p\u00e1gina web almacenar y recuperar informaci\u00f3n sobre los h\u00e1bitos de navegaci\u00f3n de un usuario o de su equipo y, dependiendo de la informaci\u00f3n obtenida, se pueden utilizar para reconocer al usuario y mejorar el servicio ofrecido.<br>El sitio web http:\/\/fontfusters.cat utiliza cookies propias y de terceros por el correcto funcionamiento de la p\u00e1gina web. Usted puede permitir su uso o cambiar su configuraci\u00f3n desde su navegador siempre que lo desee. <\/p><\/div><\/div>\t\t\t\t\t\t\t\t<\/div>\n\t\t\t\t<\/div>\n\t\t\t\t\t<\/div>\n\t\t<\/div>\n\t\t\t\t\t<\/div>\n\t\t<\/section>\n\t\t\t\t<section class=\"elementor-section elementor-top-section elementor-element elementor-element-2e652082 elementor-section-boxed elementor-section-height-default elementor-section-height-default sc_fly_static\" data-id=\"2e652082\" data-element_type=\"section\" data-e-type=\"section\">\n\t\t\t\t\t\t<div class=\"elementor-container elementor-column-gap-extended\">\n\t\t\t\t\t<div class=\"elementor-column elementor-col-100 elementor-top-column elementor-element elementor-element-2e47cb51 sc_inner_width_none sc_content_align_inherit sc_layouts_column_icons_position_left sc_fly_static\" data-id=\"2e47cb51\" data-element_type=\"column\" data-e-type=\"column\">\n\t\t\t<div class=\"elementor-widget-wrap elementor-element-populated\">\n\t\t\t\t\t\t<div class=\"elementor-element elementor-element-5ddf5088 sc_fly_static elementor-widget elementor-widget-spacer\" data-id=\"5ddf5088\" data-element_type=\"widget\" data-e-type=\"widget\" data-widget_type=\"spacer.default\">\n\t\t\t\t<div class=\"elementor-widget-container\">\n\t\t\t\t\t\t\t<div class=\"elementor-spacer\">\n\t\t\t<div class=\"elementor-spacer-inner\"><\/div>\n\t\t<\/div>\n\t\t\t\t\t\t<\/div>\n\t\t\t\t<\/div>\n\t\t\t\t\t<\/div>\n\t\t<\/div>\n\t\t\t\t\t<\/div>\n\t\t<\/section>\n\t\t\t\t<section class=\"elementor-section elementor-top-section elementor-element elementor-element-1e37e646 elementor-section-boxed elementor-section-height-default elementor-section-height-default sc_fly_static\" data-id=\"1e37e646\" data-element_type=\"section\" data-e-type=\"section\" data-settings=\"{&quot;background_background&quot;:&quot;classic&quot;}\">\n\t\t\t\t\t\t<div class=\"elementor-container elementor-column-gap-extended\">\n\t\t\t\t\t<div class=\"elementor-column elementor-col-100 elementor-top-column elementor-element elementor-element-33157984 sc_inner_width_none sc_content_align_inherit sc_layouts_column_icons_position_left sc_fly_static\" data-id=\"33157984\" data-element_type=\"column\" data-e-type=\"column\">\n\t\t\t<div class=\"elementor-widget-wrap elementor-element-populated\">\n\t\t\t\t\t\t<div class=\"elementor-element elementor-element-46201b2f sc_fly_static elementor-widget elementor-widget-text-editor\" data-id=\"46201b2f\" data-element_type=\"widget\" data-e-type=\"widget\" data-widget_type=\"text-editor.default\">\n\t\t\t\t<div class=\"elementor-widget-container\">\n\t\t\t\t\t\t\t\t\t<h5>TIPOS DE COOKIES<\/h5><p>Seg\u00fan qui\u00e9n sea la entidad que gestiona el dominio desde donde se env\u00edan las cookies y trate los datos que se obtengan, podemos distinguir entre:<\/p><p>&#8211; <strong>Cookies propias:<\/strong> son aquellas que se env\u00edan al ordenador del usuario desde un equipo o dominio gestionado por el propio editor y desde el que se presta el servicio solicitado por el usuario.<\/p><p>&#8211; <strong>Cookies de terceros:<\/strong> son aquellas que se env\u00edan al ordenador del usuario desde un equipo o dominio gestionado por una entidad que trata los datos obtenidos a trav\u00e9s de las cookies, pero que no es el equipo o dominio del editor.<\/p><p>Tambi\u00e9n existe una segunda clasificaci\u00f3n seg\u00fan el plazo de tiempo que las cookies permanecen almacenadas en el navegador del usuario. Estas cookies son:<br>&#8211; <strong>Cookies de sesi\u00f3n:<\/strong> son dise\u00f1adas para recopilar y almacenar datos mientras el usuario navega por la p\u00e1gina web. Normalmente se utilizan para recopilar datos que \u00fanicamente interesa conservar por la prestaci\u00f3n del servicio solicitado por el usuario en una sola ocasi\u00f3n (por ejemplo, la lista de productos adquiridos).  <\/p><p>&#8211; <strong>Cookies persistentes:<\/strong> son aquellas que recopilas y almacenan datos que permanecen almacenadas al dispositivo y pueden ser accedidas y tratadas durante un periodo definido por el responsable de la cookie y que puede ser un plazo de tiempo desde unos minutos hasta varios a\u00f1os.<\/p><p>Finalmente, existe una tercera clasificaci\u00f3n seg\u00fan la finalidad por la cual se tratan los datos obtenidos mediante las cookies:<br>&#8211; <strong>Cookies t\u00e9cnicas:<\/strong> son las que permiten al usuario la navegaci\u00f3n a trav\u00e9s de la p\u00e1gina web, plataforma o aplicaci\u00f3n y el uso de las diferentes opciones o servicios existentes en esta.<\/p><p>&#8211; <strong>Cookies de personalizaci\u00f3n:<\/strong> son las que permiten al usuario acceder al servicio con algunas caracter\u00edsticas de car\u00e1cter general predefinidas en funci\u00f3n de una serie de criterios establecidos en el ordenador del usuario.<\/p><p>&#8211; <strong>Cookies de an\u00e1lisis:<\/strong> permiten al responsable de las mismas el seguimiento y an\u00e1lisis del comportamiento de los usuarios de los sitios web a que est\u00e1n vinculadas estas cookies. La informaci\u00f3n recogida mediante este tipo de cookies se utiliza para la elaboraci\u00f3n de perfiles de navegaci\u00f3n de los usuarios del sitio web. Se tiene que informar y el usuario tiene que dar consentimiento.  <\/p><p>&#8211; <strong>Cookies publicitarias:<\/strong> permiten la gesti\u00f3n, de la manera m\u00e1s eficaz posible, de los espacios publicitarios.<\/p><p>&#8211; <strong>Cookies de publicidad comportamental:<\/strong> almacenan informaci\u00f3n del comportamiento de los usuarios obtenida a trav\u00e9s de la observaci\u00f3n continuada de sus h\u00e1bitos de navegaci\u00f3n. Esto permite desarrollar un perfil espec\u00edfico para mostrar publicidad en funci\u00f3n de este. <\/p><p>&#8211; <strong>Cookies de redes sociales externas:<\/strong> se utilizan para que los visitantes del sitio web puedan interactuar con el contenido de diferentes redes sociales, como por ejemplo, facebook, instagram, twitter, linkedin, youtube, etc. y que se generan y se almacenan \u00fanicamente por los usuarios de estas redes sociales.<\/p><p>Cookies utilizadas en la p\u00e1gina web http:\/\/fontfusters.cat.<br>El sitio web http:\/\/fontfusters.cat utiliza las siguientes cookies:<\/p><p><br><strong>_ga<\/strong> Finalidad: Servicio Google Analytics para distinguir usuarios \u00fanicos (Anual)<br><strong>_gid<\/strong> Finalidad: Servicio Google Analytics para distinguir usuarios (Anual)<br><strong>_gat<\/strong> Google Finalidad: Servicio de Google Analytics (Anual)<\/p><p><strong>Gesti\u00f3n de uso de cookies.<\/strong><br>Sin perjuicio del anterior, el usuario tiene la posibilidad de configurar su navegador para aceptar, rechazar, bloquear o eliminar las cookies instaladas a su ordenador. Por eso, le sugerimos la secci\u00f3n de ayuda de su navegador web por saber c\u00f3mo cambiar la configuraci\u00f3n que actualmente utiliza.<br>As\u00ed mismo, tiene la posibilidad de revocar en cualquier momento el consentimiento prestado para la utilizaci\u00f3n de cookies por parte de FONT MADERABLES, SL, configurando su navegador.<br>Tenga en cuenta que deshabilitar las cookies podr\u00eda afectar al correcto funcionamiento de determinadas secciones del sitio web. En este sentido, consulte las instrucciones y manuales de su navegador para ampliar esta informaci\u00f3n:<br>&#8211; Si utiliza Microsoft Internet Explorer, tiene que acceder a la opci\u00f3n de men\u00fa Herramientas &#8211; Opciones de Internet &#8211; Privacidad.<br>&#8211; Si utiliza Firefox para Mac, tiene que acceder a la opci\u00f3n de men\u00fa Preferencias &#8211; Privacidad &#8211; Mostrar cookies.<br>&#8211; Si utiliza Firefox para Windows, tiene que acceder a la opci\u00f3n de men\u00fa Herramientas &#8211; Opciones &#8211; Privacidad &#8211; Utilizar una configuraci\u00f3n personalizada para el historial.<br>&#8211; Si utiliza Safari, tiene que acceder a la opci\u00f3n de men\u00fa Preferencias &#8211; Privacidad.<br>&#8211; Si utiliza Google Chrome, tiene que acceder a la opci\u00f3n de men\u00fa Herramientas &#8211; Opciones (Preferencias a Mac) &#8211; Avanzadas &#8211; Privacidad &#8211; Configuraci\u00f3n de contenido &#8211; Cookies.  <\/p>\t\t\t\t\t\t\t\t<\/div>\n\t\t\t\t<\/div>\n\t\t\t\t\t<\/div>\n\t\t<\/div>\n\t\t\t\t\t<\/div>\n\t\t<\/section>\n\t\t\t\t<section class=\"elementor-section elementor-top-section elementor-element elementor-element-11baf55a elementor-section-boxed elementor-section-height-default elementor-section-height-default sc_fly_static\" data-id=\"11baf55a\" data-element_type=\"section\" data-e-type=\"section\">\n\t\t\t\t\t\t<div class=\"elementor-container elementor-column-gap-extended\">\n\t\t\t\t\t<div class=\"elementor-column elementor-col-100 elementor-top-column elementor-element elementor-element-6e86c5bf sc_inner_width_none sc_content_align_inherit sc_layouts_column_icons_position_left sc_fly_static\" data-id=\"6e86c5bf\" data-element_type=\"column\" data-e-type=\"column\">\n\t\t\t<div class=\"elementor-widget-wrap elementor-element-populated\">\n\t\t\t\t\t\t<div class=\"elementor-element elementor-element-cfdc446 sc_fly_static elementor-widget elementor-widget-spacer\" data-id=\"cfdc446\" data-element_type=\"widget\" data-e-type=\"widget\" data-widget_type=\"spacer.default\">\n\t\t\t\t<div class=\"elementor-widget-container\">\n\t\t\t\t\t\t\t<div class=\"elementor-spacer\">\n\t\t\t<div class=\"elementor-spacer-inner\"><\/div>\n\t\t<\/div>\n\t\t\t\t\t\t<\/div>\n\t\t\t\t<\/div>\n\t\t\t\t\t<\/div>\n\t\t<\/div>\n\t\t\t\t\t<\/div>\n\t\t<\/section>\n\t\t\t\t<section class=\"elementor-section elementor-top-section elementor-element elementor-element-58b5af22 elementor-section-boxed elementor-section-height-default elementor-section-height-default sc_fly_static\" data-id=\"58b5af22\" data-element_type=\"section\" data-e-type=\"section\">\n\t\t\t\t\t\t<div class=\"elementor-container elementor-column-gap-extended\">\n\t\t\t\t\t<div class=\"elementor-column elementor-col-100 elementor-top-column elementor-element elementor-element-3a79a57f sc_inner_width_none sc_content_align_inherit sc_layouts_column_icons_position_left sc_fly_static\" data-id=\"3a79a57f\" data-element_type=\"column\" data-e-type=\"column\">\n\t\t\t<div class=\"elementor-widget-wrap elementor-element-populated\">\n\t\t\t\t\t\t<div class=\"elementor-element elementor-element-77774ef4 sc_fly_static elementor-widget elementor-widget-spacer\" data-id=\"77774ef4\" data-element_type=\"widget\" data-e-type=\"widget\" data-widget_type=\"spacer.default\">\n\t\t\t\t<div class=\"elementor-widget-container\">\n\t\t\t\t\t\t\t<div class=\"elementor-spacer\">\n\t\t\t<div class=\"elementor-spacer-inner\"><\/div>\n\t\t<\/div>\n\t\t\t\t\t\t<\/div>\n\t\t\t\t<\/div>\n\t\t\t\t\t<\/div>\n\t\t<\/div>\n\t\t\t\t\t<\/div>\n\t\t<\/section>\n\t\t\t\t<\/div>\n\t\t","protected":false},"excerpt":{"rendered":"<p>POL\u00cdTICA DE COOKIES Mediante la presente pol\u00edtica de cookies, FONT FUSTERS, SL pretende informarlo de&hellip;<\/p>\n","protected":false},"author":1,"featured_media":0,"parent":0,"menu_order":0,"comment_status":"closed","ping_status":"closed","template":"","meta":{"footnotes":""},"class_list":["post-39237","page","type-page","status-publish","hentry"],"yoast_head":"<!-- This site is optimized with the Yoast SEO plugin v27.3 - https:\/\/yoast.com\/product\/yoast-seo-wordpress\/ -->\n<title>Pol\u00edtica de Cookies - FONT FUSTERS<\/title>\n<meta name=\"robots\" content=\"index, follow, max-snippet:-1, max-image-preview:large, max-video-preview:-1\" \/>\n<link rel=\"canonical\" href=\"https:\/\/fontfusters.cat\/politica-de-cookies\/\" \/>\n<meta property=\"og:locale\" content=\"es_ES\" \/>\n<meta property=\"og:type\" content=\"article\" \/>\n<meta property=\"og:title\" content=\"Pol\u00edtica de Cookies - FONT FUSTERS\" \/>\n<meta property=\"og:description\" content=\"POL\u00cdTICA DE COOKIES Mediante la presente pol\u00edtica de cookies, FONT FUSTERS, SL pretende informarlo de&hellip;\" \/>\n<meta property=\"og:url\" content=\"https:\/\/fontfusters.cat\/politica-de-cookies\/\" \/>\n<meta property=\"og:site_name\" content=\"FONT FUSTERS\" \/>\n<meta property=\"article:modified_time\" content=\"2025-11-03T12:32:07+00:00\" \/>\n<meta name=\"twitter:card\" content=\"summary_large_image\" \/>\n<meta name=\"twitter:label1\" content=\"Tiempo de lectura\" \/>\n\t<meta name=\"twitter:data1\" content=\"5 minutos\" \/>\n<script type=\"application\/ld+json\" class=\"yoast-schema-graph\">{\"@context\":\"https:\\\/\\\/schema.org\",\"@graph\":[{\"@type\":\"WebPage\",\"@id\":\"https:\\\/\\\/fontfusters.cat\\\/politica-de-cookies\\\/\",\"url\":\"https:\\\/\\\/fontfusters.cat\\\/politica-de-cookies\\\/\",\"name\":\"Pol\u00edtica de Cookies - FONT FUSTERS\",\"isPartOf\":{\"@id\":\"https:\\\/\\\/fontfusters.cat\\\/#website\"},\"datePublished\":\"2024-07-11T09:33:43+00:00\",\"dateModified\":\"2025-11-03T12:32:07+00:00\",\"breadcrumb\":{\"@id\":\"https:\\\/\\\/fontfusters.cat\\\/politica-de-cookies\\\/#breadcrumb\"},\"inLanguage\":\"es\",\"potentialAction\":[{\"@type\":\"ReadAction\",\"target\":[\"https:\\\/\\\/fontfusters.cat\\\/politica-de-cookies\\\/\"]}]},{\"@type\":\"BreadcrumbList\",\"@id\":\"https:\\\/\\\/fontfusters.cat\\\/politica-de-cookies\\\/#breadcrumb\",\"itemListElement\":[{\"@type\":\"ListItem\",\"position\":1,\"name\":\"Inici\",\"item\":\"https:\\\/\\\/fontfusters.cat\\\/es\\\/\"},{\"@type\":\"ListItem\",\"position\":2,\"name\":\"Pol\u00edtica de Cookies\"}]},{\"@type\":\"WebSite\",\"@id\":\"https:\\\/\\\/fontfusters.cat\\\/#website\",\"url\":\"https:\\\/\\\/fontfusters.cat\\\/\",\"name\":\"FONT FUSTERS\",\"description\":\"Professionals que estimem la fusta\",\"publisher\":{\"@id\":\"https:\\\/\\\/fontfusters.cat\\\/#organization\"},\"potentialAction\":[{\"@type\":\"SearchAction\",\"target\":{\"@type\":\"EntryPoint\",\"urlTemplate\":\"https:\\\/\\\/fontfusters.cat\\\/?s={search_term_string}\"},\"query-input\":{\"@type\":\"PropertyValueSpecification\",\"valueRequired\":true,\"valueName\":\"search_term_string\"}}],\"inLanguage\":\"es\"},{\"@type\":\"Organization\",\"@id\":\"https:\\\/\\\/fontfusters.cat\\\/#organization\",\"name\":\"FONT FUSTERS\",\"url\":\"https:\\\/\\\/fontfusters.cat\\\/\",\"logo\":{\"@type\":\"ImageObject\",\"inLanguage\":\"es\",\"@id\":\"https:\\\/\\\/fontfusters.cat\\\/#\\\/schema\\\/logo\\\/image\\\/\",\"url\":\"https:\\\/\\\/fontfusters.cat\\\/wp-content\\\/uploads\\\/2023\\\/09\\\/cropped-logo_font_fusters.jpg\",\"contentUrl\":\"https:\\\/\\\/fontfusters.cat\\\/wp-content\\\/uploads\\\/2023\\\/09\\\/cropped-logo_font_fusters.jpg\",\"width\":798,\"height\":192,\"caption\":\"FONT FUSTERS\"},\"image\":{\"@id\":\"https:\\\/\\\/fontfusters.cat\\\/#\\\/schema\\\/logo\\\/image\\\/\"}}]}<\/script>\n<!-- \/ Yoast SEO plugin. -->","yoast_head_json":{"title":"Pol\u00edtica de Cookies - FONT FUSTERS","robots":{"index":"index","follow":"follow","max-snippet":"max-snippet:-1","max-image-preview":"max-image-preview:large","max-video-preview":"max-video-preview:-1"},"canonical":"https:\/\/fontfusters.cat\/politica-de-cookies\/","og_locale":"es_ES","og_type":"article","og_title":"Pol\u00edtica de Cookies - FONT FUSTERS","og_description":"POL\u00cdTICA DE COOKIES Mediante la presente pol\u00edtica de cookies, FONT FUSTERS, SL pretende informarlo de&hellip;","og_url":"https:\/\/fontfusters.cat\/politica-de-cookies\/","og_site_name":"FONT FUSTERS","article_modified_time":"2025-11-03T12:32:07+00:00","twitter_card":"summary_large_image","twitter_misc":{"Tiempo de lectura":"5 minutos"},"schema":{"@context":"https:\/\/schema.org","@graph":[{"@type":"WebPage","@id":"https:\/\/fontfusters.cat\/politica-de-cookies\/","url":"https:\/\/fontfusters.cat\/politica-de-cookies\/","name":"Pol\u00edtica de Cookies - FONT FUSTERS","isPartOf":{"@id":"https:\/\/fontfusters.cat\/#website"},"datePublished":"2024-07-11T09:33:43+00:00","dateModified":"2025-11-03T12:32:07+00:00","breadcrumb":{"@id":"https:\/\/fontfusters.cat\/politica-de-cookies\/#breadcrumb"},"inLanguage":"es","potentialAction":[{"@type":"ReadAction","target":["https:\/\/fontfusters.cat\/politica-de-cookies\/"]}]},{"@type":"BreadcrumbList","@id":"https:\/\/fontfusters.cat\/politica-de-cookies\/#breadcrumb","itemListElement":[{"@type":"ListItem","position":1,"name":"Inici","item":"https:\/\/fontfusters.cat\/es\/"},{"@type":"ListItem","position":2,"name":"Pol\u00edtica de Cookies"}]},{"@type":"WebSite","@id":"https:\/\/fontfusters.cat\/#website","url":"https:\/\/fontfusters.cat\/","name":"FONT FUSTERS","description":"Professionals que estimem la fusta","publisher":{"@id":"https:\/\/fontfusters.cat\/#organization"},"potentialAction":[{"@type":"SearchAction","target":{"@type":"EntryPoint","urlTemplate":"https:\/\/fontfusters.cat\/?s={search_term_string}"},"query-input":{"@type":"PropertyValueSpecification","valueRequired":true,"valueName":"search_term_string"}}],"inLanguage":"es"},{"@type":"Organization","@id":"https:\/\/fontfusters.cat\/#organization","name":"FONT FUSTERS","url":"https:\/\/fontfusters.cat\/","logo":{"@type":"ImageObject","inLanguage":"es","@id":"https:\/\/fontfusters.cat\/#\/schema\/logo\/image\/","url":"https:\/\/fontfusters.cat\/wp-content\/uploads\/2023\/09\/cropped-logo_font_fusters.jpg","contentUrl":"https:\/\/fontfusters.cat\/wp-content\/uploads\/2023\/09\/cropped-logo_font_fusters.jpg","width":798,"height":192,"caption":"FONT FUSTERS"},"image":{"@id":"https:\/\/fontfusters.cat\/#\/schema\/logo\/image\/"}}]}},"_links":{"self":[{"href":"https:\/\/fontfusters.cat\/es\/wp-json\/wp\/v2\/pages\/39237","targetHints":{"allow":["GET"]}}],"collection":[{"href":"https:\/\/fontfusters.cat\/es\/wp-json\/wp\/v2\/pages"}],"about":[{"href":"https:\/\/fontfusters.cat\/es\/wp-json\/wp\/v2\/types\/page"}],"author":[{"embeddable":true,"href":"https:\/\/fontfusters.cat\/es\/wp-json\/wp\/v2\/users\/1"}],"replies":[{"embeddable":true,"href":"https:\/\/fontfusters.cat\/es\/wp-json\/wp\/v2\/comments?post=39237"}],"version-history":[{"count":2,"href":"https:\/\/fontfusters.cat\/es\/wp-json\/wp\/v2\/pages\/39237\/revisions"}],"predecessor-version":[{"id":39239,"href":"https:\/\/fontfusters.cat\/es\/wp-json\/wp\/v2\/pages\/39237\/revisions\/39239"}],"wp:attachment":[{"href":"https:\/\/fontfusters.cat\/es\/wp-json\/wp\/v2\/media?parent=39237"}],"curies":[{"name":"wp","href":"https:\/\/api.w.org\/{rel}","templated":true}]}}