{"id":39919,"date":"2023-03-07T14:27:46","date_gmt":"2023-03-07T14:27:46","guid":{"rendered":"https:\/\/fontfusters.cat\/avis-legal\/"},"modified":"2025-11-03T12:10:37","modified_gmt":"2025-11-03T12:10:37","slug":"avis-legal","status":"publish","type":"page","link":"https:\/\/fontfusters.cat\/fr\/avis-legal\/","title":{"rendered":"Mentions l\u00e9gales et conditions d\u2019utilisation du site web"},"content":{"rendered":"\t\t<div data-elementor-type=\"wp-page\" data-elementor-id=\"39919\" class=\"elementor elementor-39919 elementor-29570\" data-elementor-post-type=\"page\">\n\t\t\t\t\t\t<section class=\"elementor-section elementor-top-section elementor-element elementor-element-2cdfbdd7 elementor-section-boxed elementor-section-height-default elementor-section-height-default sc_fly_static\" data-id=\"2cdfbdd7\" data-element_type=\"section\" data-e-type=\"section\" data-settings=\"{&quot;background_background&quot;:&quot;classic&quot;}\">\n\t\t\t\t\t\t<div class=\"elementor-container elementor-column-gap-extended\">\n\t\t\t\t\t<div class=\"elementor-column elementor-col-100 elementor-top-column elementor-element elementor-element-275265dd sc_inner_width_none sc_content_align_inherit sc_layouts_column_icons_position_left sc_fly_static\" data-id=\"275265dd\" data-element_type=\"column\" data-e-type=\"column\">\n\t\t\t<div class=\"elementor-widget-wrap elementor-element-populated\">\n\t\t\t\t\t\t<div class=\"elementor-element elementor-element-2e74fa00 sc_fly_static elementor-widget elementor-widget-text-editor\" data-id=\"2e74fa00\" data-element_type=\"widget\" data-e-type=\"widget\" data-widget_type=\"text-editor.default\">\n\t\t\t\t<div class=\"elementor-widget-container\">\n\t\t\t\t\t\t\t\t\t<h5>Mentions l\u00e9gales et conditions d\u2019utilisation du site web<\/h5><div><div><p>Conform\u00e9ment au devoir d\u2019information \u00e9tabli par la Loi 34\/2002 du 11 juillet sur les services de la soci\u00e9t\u00e9 de l\u2019information et du commerce \u00e9lectronique, les informations g\u00e9n\u00e9rales du site web sont indiqu\u00e9es ci-dessous : http:\/\/fontfusters.cat<\/p><p>Identit\u00e9 : FONT FUSTERS, S.L.<br>C.I.F. : B-60719879<br>Donn\u00e9es d\u2019enregistrement : Inscrite au Registre du Commerce de Barcelone, tome 32509, folio 185, feuille B-123179.<br>Adresse : Avinguda Europa, n\u00b0 6, entrep\u00f4t 2-A \u2013 08700 IGUALADA (Espagne).<br>T\u00e9l\u00e9phone : +34 93 803 51 31<br>Courriel : font@fontfusters.cat<\/p><\/div><\/div>\t\t\t\t\t\t\t\t<\/div>\n\t\t\t\t<\/div>\n\t\t\t\t\t<\/div>\n\t\t<\/div>\n\t\t\t\t\t<\/div>\n\t\t<\/section>\n\t\t\t\t<section class=\"elementor-section elementor-top-section elementor-element elementor-element-2e652082 elementor-section-boxed elementor-section-height-default elementor-section-height-default sc_fly_static\" data-id=\"2e652082\" data-element_type=\"section\" data-e-type=\"section\">\n\t\t\t\t\t\t<div class=\"elementor-container elementor-column-gap-extended\">\n\t\t\t\t\t<div class=\"elementor-column elementor-col-100 elementor-top-column elementor-element elementor-element-2e47cb51 sc_inner_width_none sc_content_align_inherit sc_layouts_column_icons_position_left sc_fly_static\" data-id=\"2e47cb51\" data-element_type=\"column\" data-e-type=\"column\">\n\t\t\t<div class=\"elementor-widget-wrap elementor-element-populated\">\n\t\t\t\t\t\t<div class=\"elementor-element elementor-element-5ddf5088 sc_fly_static elementor-widget elementor-widget-spacer\" data-id=\"5ddf5088\" data-element_type=\"widget\" data-e-type=\"widget\" data-widget_type=\"spacer.default\">\n\t\t\t\t<div class=\"elementor-widget-container\">\n\t\t\t\t\t\t\t<div class=\"elementor-spacer\">\n\t\t\t<div class=\"elementor-spacer-inner\"><\/div>\n\t\t<\/div>\n\t\t\t\t\t\t<\/div>\n\t\t\t\t<\/div>\n\t\t\t\t\t<\/div>\n\t\t<\/div>\n\t\t\t\t\t<\/div>\n\t\t<\/section>\n\t\t\t\t<section class=\"elementor-section elementor-top-section elementor-element elementor-element-1e37e646 elementor-section-boxed elementor-section-height-default elementor-section-height-default sc_fly_static\" data-id=\"1e37e646\" data-element_type=\"section\" data-e-type=\"section\" data-settings=\"{&quot;background_background&quot;:&quot;classic&quot;}\">\n\t\t\t\t\t\t<div class=\"elementor-container elementor-column-gap-extended\">\n\t\t\t\t\t<div class=\"elementor-column elementor-col-100 elementor-top-column elementor-element elementor-element-33157984 sc_inner_width_none sc_content_align_inherit sc_layouts_column_icons_position_left sc_fly_static\" data-id=\"33157984\" data-element_type=\"column\" data-e-type=\"column\">\n\t\t\t<div class=\"elementor-widget-wrap elementor-element-populated\">\n\t\t\t\t\t\t<div class=\"elementor-element elementor-element-46201b2f sc_fly_static elementor-widget elementor-widget-text-editor\" data-id=\"46201b2f\" data-element_type=\"widget\" data-e-type=\"widget\" data-widget_type=\"text-editor.default\">\n\t\t\t\t<div class=\"elementor-widget-container\">\n\t\t\t\t\t\t\t\t\t<h5>Conditions g\u00e9n\u00e9rales d\u2019utilisation<\/h5>\nL\u2019acc\u00e8s et l\u2019utilisation de ce site web conf\u00e8rent la condition d\u2019utilisateur et impliquent l\u2019acceptation pleine et enti\u00e8re des pr\u00e9sentes conditions d\u2019utilisation, \u00e9nonc\u00e9es dans le pr\u00e9sent avis l\u00e9gal. Nous vous prions de les lire attentivement. Le simple fait d\u2019acc\u00e9der \u00e0 ce site web et d\u2019utiliser les contenus qu\u2019il renferme implique que vous avez lu et accept\u00e9, sans aucune r\u00e9serve, ces conditions. Dans le cas contraire, l\u2019utilisateur devra s\u2019abstenir d\u2019utiliser le site web.<br>Afin de se conformer \u00e0 la r\u00e9glementation en vigueur, le pr\u00e9sent avis l\u00e9gal est susceptible de modifications et de mises \u00e0 jour ; il est donc recommand\u00e9 \u00e0 l\u2019utilisateur d\u2019en prendre connaissance et de le consulter r\u00e9guli\u00e8rement \u00e0 chaque nouvel acc\u00e8s au site.<br>Par ailleurs, certains des services propos\u00e9s sur ce site web peuvent \u00eatre soumis, en plus des conditions d\u00e9crites dans le pr\u00e9sent avis l\u00e9gal, \u00e0 leurs propres conditions particuli\u00e8res d\u2019utilisation, lesquelles, le cas \u00e9ch\u00e9ant, s\u2019appliqueront \u00e9galement. En cons\u00e9quence, la navigation de l\u2019utilisateur sur le site web implique non seulement l\u2019acceptation du pr\u00e9sent avis l\u00e9gal, mais \u00e9galement l\u2019acceptation pleine et enti\u00e8re de ces conditions particuli\u00e8res lorsqu\u2019elles sont applicables.    \n<h6>1. Conditions d\u2019utilisation<\/h6>\nCe site web contient des documents pr\u00e9par\u00e9s par l\u2019entreprise ou par ses prestataires de services \u00e0 titre purement informatif et consultatif. Toutefois, il peut inclure des liens ou hyperliens qui peuvent diriger l\u2019utilisateur vers d\u2019autres sites web g\u00e9r\u00e9s par des tiers, pour lesquels FONT FUSTERS, S.L. ne saurait \u00eatre tenue responsable ni de leur contenu ni de l\u2019\u00e9tat de ces sites, et qui ne constituent en aucun cas une recommandation ou une approbation de leur contenu.<br>Les informations contenues sur le site web sont celles en vigueur \u00e0 la date de la derni\u00e8re mise \u00e0 jour et doivent \u00eatre consid\u00e9r\u00e9es comme indicatives pour l\u2019utilisateur. Pour toute question relative aux contenus, activit\u00e9s commerciales, produits ou services, la l\u00e9gislation en vigueur s\u2019applique, et les juridictions comp\u00e9tentes seront seules habilit\u00e9es \u00e0 conna\u00eetre des \u00e9ventuels litiges.  \n\nDans tous les cas, FONT FUSTERS, S.L. se r\u00e9serve tous les droits de modifier, limiter ou annuler l\u2019acc\u00e8s et le contenu du site web \u00e0 tout moment, ainsi que la possibilit\u00e9 d\u2019effectuer des modifications dans la configuration ou la pr\u00e9sentation de son site.<br>Sans pr\u00e9judice des droits l\u00e9gaux de l\u2019utilisateur du site web et, le cas \u00e9ch\u00e9ant, des droits reconnus aux consommateurs, FONT FUSTERS, S.L. ne garantit pas la disponibilit\u00e9, l\u2019acc\u00e8s et la continuit\u00e9 de fonctionnement du site web, de ses services et de ses contenus. Dans la mesure du possible, FONT FUSTERS, S.L. informera pr\u00e9alablement l\u2019utilisateur de toute interruption du site web. Toutefois, elle ne pourra \u00eatre tenue responsable des dommages et pr\u00e9judices subis par l\u2019utilisateur en raison de l\u2019indisponibilit\u00e9, de l\u2019acc\u00e8s limit\u00e9 ou de l\u2019interruption du site web ou de l\u2019un quelconque de ses services ou contenus. De plus, FONT FUSTERS, S.L. d\u00e9cline toute responsabilit\u00e9 pouvant r\u00e9sulter de probl\u00e8mes techniques ou d\u2019erreurs m\u00e9caniques sur les \u00e9quipements informatiques survenus lors de la connexion \u00e0 Internet.   \n<h6>2. Limitation de responsabilit\u00e9<\/h6>\nL\u2019utilisateur s\u2019engage \u00e0 faire un usage diligent du pr\u00e9sent site web, conform\u00e9ment \u00e0 la l\u00e9gislation en vigueur, au pr\u00e9sent avis l\u00e9gal, aux conditions particuli\u00e8res (le cas \u00e9ch\u00e9ant) et \u00e0 toute autre communication port\u00e9e \u00e0 sa connaissance par ce site ou tout autre moyen, ainsi qu\u2019aux r\u00e8gles de convivialit\u00e9, \u00e0 la morale et aux bonnes m\u0153urs g\u00e9n\u00e9ralement accept\u00e9es. FONT FUSTERS, S.L. ne saurait \u00eatre tenue responsable d\u2019une utilisation incorrecte par les utilisateurs des informations ou contenus du service, ces actes relevant de l\u2019enti\u00e8re responsabilit\u00e9 de l\u2019utilisateur.<br>Ni FONT FUSTERS, S.L., ni les personnes de son organisation ne peuvent \u00eatre tenues responsables des erreurs ou omissions dans les contenus publi\u00e9s, ceux-ci \u00e9tant fournis \u00e0 titre purement informatif. De plus, FONT FUSTERS, S.L. ne peut \u00eatre tenue responsable d\u2019aucun dommage pouvant r\u00e9sulter de l\u2019utilisation de ce site web ou de toute action effectu\u00e9e sur la base des informations qui y sont fournies.  \n\nEn tout \u00e9tat de cause, FONT FUSTERS, S.L. n\u2019assume aucune responsabilit\u00e9 quant aux interpr\u00e9tations que l\u2019utilisateur pourrait faire des informations contenues sur son site web.\n<h6>3. Droits de propri\u00e9t\u00e9 intellectuelle<\/h6>\nTous les droits de propri\u00e9t\u00e9 intellectuelle relatifs \u00e0 l\u2019int\u00e9gralit\u00e9 du contenu de ce site web, qu\u2019il s\u2019agisse de textes, images, sons, fichiers, marques, logos, combinaisons de couleurs ou tout autre \u00e9l\u00e9ment, sont r\u00e9serv\u00e9s au profit de FONT FUSTERS, S.L. Sa structure et son design, la s\u00e9lection et la pr\u00e9sentation des mat\u00e9riaux inclus, ainsi que les programmes informatiques n\u00e9cessaires \u00e0 son fonctionnement, \u00e0 son acc\u00e8s et \u00e0 son utilisation, sont prot\u00e9g\u00e9s par des droits de propri\u00e9t\u00e9 intellectuelle et industrielle, d\u00e9tenus par FONT FUSTERS, S.L. et\/ou ses collaborateurs et\/ou soci\u00e9t\u00e9s associ\u00e9es.<br>La reproduction, transformation, distribution, communication au public, mise \u00e0 disposition du public et, de mani\u00e8re g\u00e9n\u00e9rale, toute autre forme d\u2019exploitation, par tout proc\u00e9d\u00e9, de tout ou partie du contenu de ce site web, ainsi que de son design, de la s\u00e9lection et de la pr\u00e9sentation des mat\u00e9riaux qu\u2019il contient, est strictement interdite.<br>Il est interdit de d\u00e9compiler, d\u00e9sassembler ou r\u00e9aliser une ing\u00e9nierie inverse, ainsi que de supprimer, alt\u00e9rer, contourner ou manipuler tout dispositif de protection ou syst\u00e8me de s\u00e9curit\u00e9 pouvant \u00eatre install\u00e9 sur le site. \n\nToute utilisation non autoris\u00e9e des logiciels ou du contenu de ce site web peut constituer une violation des lois sur la propri\u00e9t\u00e9 intellectuelle, la propri\u00e9t\u00e9 industrielle, les droits personnels, le droit \u00e0 l\u2019image et le droit \u00e0 la communication. En cons\u00e9quence, FONT FUSTERS, S.L. pourra exercer toutes les actions civiles et\/ou p\u00e9nales appropri\u00e9es \u00e0 l\u2019encontre de quiconque porterait atteinte \u00e0 ses droits.\n<h6>4. Exactitude et confidentialit\u00e9 des donn\u00e9es personnelles<\/h6>\nLes informations que l\u2019utilisateur fournit via le site web et\/ou par tout autre canal de communication doivent \u00eatre v\u00e9ridiques, compl\u00e8tes, pr\u00e9cises et \u00e0 jour. \u00c0 cet effet, l\u2019utilisateur garantit l\u2019authenticit\u00e9 de toutes les donn\u00e9es communiqu\u00e9es, \u00e9tant le seul responsable des d\u00e9clarations fausses ou inexactes qu\u2019il pourrait faire et des pr\u00e9judices qu\u2019elles pourraient causer \u00e0 FONT FUSTERS, S.L. ou \u00e0 des tiers. De m\u00eame, l\u2019utilisateur est seul responsable des informations fournies concernant des tiers.<br>L\u2019utilisateur s\u2019engage \u00e0 maintenir la confidentialit\u00e9 de ses donn\u00e9es et de ses identifiants d\u2019acc\u00e8s \u00e0 son espace priv\u00e9, le cas \u00e9ch\u00e9ant, ainsi que des activit\u00e9s, d\u00e9marches et proc\u00e9dures qui y sont effectu\u00e9es. Dans le cas o\u00f9 un tiers ferait un usage ill\u00e9gitime ou frauduleux du compte et\/ou des identifiants de l\u2019utilisateur, ou un usage compromettant la s\u00e9curit\u00e9, l\u2019utilisateur devra en informer imm\u00e9diatement FONT FUSTERS, S.L. afin que les mesures n\u00e9cessaires soient prises pour pr\u00e9venir et r\u00e9duire les risques potentiels pouvant en d\u00e9couler.   \n<h6>5. Cookies et politique anti-spam<\/h6>\nCe site web utilise des cookies propres et de tiers afin de personnaliser la navigation, d\u2019am\u00e9liorer ses services et d\u2019afficher de la publicit\u00e9 en lien avec les pr\u00e9f\u00e9rences de l\u2019utilisateur, gr\u00e2ce \u00e0 l\u2019analyse de ses habitudes de navigation. L\u2019utilisateur doit accepter express\u00e9ment la politique relative aux cookies et peut la consulter \u00e0 tout moment en acc\u00e9dant \u00e0 la section correspondante du site.<br>FONT FUSTERS, S.L. s\u2019oppose \u00e0 la pratique du SPAM (envoi massif et continu de messages publicitaires, g\u00e9n\u00e9ralement commerciaux, adress\u00e9s \u00e0 un grand nombre de personnes et non sollicit\u00e9s). Par cons\u00e9quent, les utilisateurs et tiers affect\u00e9s par la r\u00e9ception de SPAM, dont l\u2019envoi n\u2019a pas \u00e9t\u00e9 pr\u00e9alablement autoris\u00e9 ou qu\u2019ils souhaitent voir annul\u00e9, peuvent contacter FONT FUSTERS, S.L. \u00e0 l\u2019adresse font@fontfusters.cat afin que les mesures n\u00e9cessaires soient prises pour y rem\u00e9dier.  \n<h6>6. Protection des donn\u00e9es<\/h6>\nCertains services propos\u00e9s sur ce site web n\u00e9cessitent la collecte de donn\u00e9es personnelles de l\u2019utilisateur pour leur bonne ex\u00e9cution. Avant de fournir ses donn\u00e9es \u00e0 FONT FUSTERS, S.L., l\u2019utilisateur doit lire et accepter la politique de protection des donn\u00e9es, disponible dans la section d\u00e9di\u00e9e du site web ainsi que dans les formulaires et\/ou documents mis \u00e0 disposition pour la saisie des donn\u00e9es, selon le cas. \n<h6>7. Juridiction et loi applicable<\/h6>\nLa l\u00e9gislation applicable au contenu de ce site web sera celle en vigueur sur le territoire concern\u00e9, et la juridiction \u00e0 laquelle se soumet FONT FUSTERS, S.L. pour la r\u00e9solution de tout litige ou diff\u00e9rend pouvant d\u00e9couler de sa relation avec l\u2019utilisateur est celle des tribunaux d\u2019Igualada.\n\t\t\t\t\t\t\t\t<\/div>\n\t\t\t\t<\/div>\n\t\t\t\t\t<\/div>\n\t\t<\/div>\n\t\t\t\t\t<\/div>\n\t\t<\/section>\n\t\t\t\t<section class=\"elementor-section elementor-top-section elementor-element elementor-element-11baf55a elementor-section-boxed elementor-section-height-default elementor-section-height-default sc_fly_static\" data-id=\"11baf55a\" data-element_type=\"section\" data-e-type=\"section\">\n\t\t\t\t\t\t<div class=\"elementor-container elementor-column-gap-extended\">\n\t\t\t\t\t<div class=\"elementor-column elementor-col-100 elementor-top-column elementor-element elementor-element-6e86c5bf sc_inner_width_none sc_content_align_inherit sc_layouts_column_icons_position_left sc_fly_static\" data-id=\"6e86c5bf\" data-element_type=\"column\" data-e-type=\"column\">\n\t\t\t<div class=\"elementor-widget-wrap elementor-element-populated\">\n\t\t\t\t\t\t<div class=\"elementor-element elementor-element-cfdc446 sc_fly_static elementor-widget elementor-widget-spacer\" data-id=\"cfdc446\" data-element_type=\"widget\" data-e-type=\"widget\" data-widget_type=\"spacer.default\">\n\t\t\t\t<div class=\"elementor-widget-container\">\n\t\t\t\t\t\t\t<div class=\"elementor-spacer\">\n\t\t\t<div class=\"elementor-spacer-inner\"><\/div>\n\t\t<\/div>\n\t\t\t\t\t\t<\/div>\n\t\t\t\t<\/div>\n\t\t\t\t\t<\/div>\n\t\t<\/div>\n\t\t\t\t\t<\/div>\n\t\t<\/section>\n\t\t\t\t<section class=\"elementor-section elementor-top-section elementor-element elementor-element-58b5af22 elementor-section-boxed elementor-section-height-default elementor-section-height-default sc_fly_static\" data-id=\"58b5af22\" data-element_type=\"section\" data-e-type=\"section\">\n\t\t\t\t\t\t<div class=\"elementor-container elementor-column-gap-extended\">\n\t\t\t\t\t<div class=\"elementor-column elementor-col-100 elementor-top-column elementor-element elementor-element-3a79a57f sc_inner_width_none sc_content_align_inherit sc_layouts_column_icons_position_left sc_fly_static\" data-id=\"3a79a57f\" data-element_type=\"column\" data-e-type=\"column\">\n\t\t\t<div class=\"elementor-widget-wrap elementor-element-populated\">\n\t\t\t\t\t\t<div class=\"elementor-element elementor-element-77774ef4 sc_fly_static elementor-widget elementor-widget-spacer\" data-id=\"77774ef4\" data-element_type=\"widget\" data-e-type=\"widget\" data-widget_type=\"spacer.default\">\n\t\t\t\t<div class=\"elementor-widget-container\">\n\t\t\t\t\t\t\t<div class=\"elementor-spacer\">\n\t\t\t<div class=\"elementor-spacer-inner\"><\/div>\n\t\t<\/div>\n\t\t\t\t\t\t<\/div>\n\t\t\t\t<\/div>\n\t\t\t\t\t<\/div>\n\t\t<\/div>\n\t\t\t\t\t<\/div>\n\t\t<\/section>\n\t\t\t\t<\/div>\n\t\t","protected":false},"excerpt":{"rendered":"<p>Mentions l\u00e9gales et conditions d\u2019utilisation du site web Conform\u00e9ment au devoir d\u2019information \u00e9tabli par la&hellip;<\/p>\n","protected":false},"author":1,"featured_media":0,"parent":0,"menu_order":0,"comment_status":"closed","ping_status":"closed","template":"","meta":{"footnotes":""},"class_list":["post-39919","page","type-page","status-publish","hentry"],"yoast_head":"<!-- This site is optimized with the Yoast SEO plugin v27.3 - https:\/\/yoast.com\/product\/yoast-seo-wordpress\/ -->\n<title>Mentions l\u00e9gales et conditions d\u2019utilisation du site web - FONT FUSTERS<\/title>\n<meta name=\"robots\" content=\"index, follow, max-snippet:-1, max-image-preview:large, max-video-preview:-1\" \/>\n<link rel=\"canonical\" href=\"https:\/\/fontfusters.cat\/avis-legal\/\" \/>\n<meta property=\"og:locale\" content=\"fr_FR\" \/>\n<meta property=\"og:type\" content=\"article\" \/>\n<meta property=\"og:title\" content=\"Mentions l\u00e9gales et conditions d\u2019utilisation du site web - FONT FUSTERS\" \/>\n<meta property=\"og:description\" content=\"Mentions l\u00e9gales et conditions d\u2019utilisation du site web Conform\u00e9ment au devoir d\u2019information \u00e9tabli par la&hellip;\" \/>\n<meta property=\"og:url\" content=\"https:\/\/fontfusters.cat\/avis-legal\/\" \/>\n<meta property=\"og:site_name\" content=\"FONT FUSTERS\" \/>\n<meta property=\"article:modified_time\" content=\"2025-11-03T12:10:37+00:00\" \/>\n<meta name=\"twitter:card\" content=\"summary_large_image\" \/>\n<meta name=\"twitter:label1\" content=\"Dur\u00e9e de lecture estim\u00e9e\" \/>\n\t<meta name=\"twitter:data1\" content=\"8 minutes\" \/>\n<script type=\"application\/ld+json\" class=\"yoast-schema-graph\">{\"@context\":\"https:\\\/\\\/schema.org\",\"@graph\":[{\"@type\":\"WebPage\",\"@id\":\"https:\\\/\\\/fontfusters.cat\\\/avis-legal\\\/\",\"url\":\"https:\\\/\\\/fontfusters.cat\\\/avis-legal\\\/\",\"name\":\"Mentions l\u00e9gales et conditions d\u2019utilisation du site web - FONT FUSTERS\",\"isPartOf\":{\"@id\":\"https:\\\/\\\/fontfusters.cat\\\/#website\"},\"datePublished\":\"2023-03-07T14:27:46+00:00\",\"dateModified\":\"2025-11-03T12:10:37+00:00\",\"breadcrumb\":{\"@id\":\"https:\\\/\\\/fontfusters.cat\\\/avis-legal\\\/#breadcrumb\"},\"inLanguage\":\"fr-FR\",\"potentialAction\":[{\"@type\":\"ReadAction\",\"target\":[\"https:\\\/\\\/fontfusters.cat\\\/avis-legal\\\/\"]}]},{\"@type\":\"BreadcrumbList\",\"@id\":\"https:\\\/\\\/fontfusters.cat\\\/avis-legal\\\/#breadcrumb\",\"itemListElement\":[{\"@type\":\"ListItem\",\"position\":1,\"name\":\"Inici\",\"item\":\"https:\\\/\\\/fontfusters.cat\\\/fr\\\/\"},{\"@type\":\"ListItem\",\"position\":2,\"name\":\"Mentions l\u00e9gales et conditions d\u2019utilisation du site web\"}]},{\"@type\":\"WebSite\",\"@id\":\"https:\\\/\\\/fontfusters.cat\\\/#website\",\"url\":\"https:\\\/\\\/fontfusters.cat\\\/\",\"name\":\"FONT FUSTERS\",\"description\":\"Professionals que estimem la fusta\",\"publisher\":{\"@id\":\"https:\\\/\\\/fontfusters.cat\\\/#organization\"},\"potentialAction\":[{\"@type\":\"SearchAction\",\"target\":{\"@type\":\"EntryPoint\",\"urlTemplate\":\"https:\\\/\\\/fontfusters.cat\\\/?s={search_term_string}\"},\"query-input\":{\"@type\":\"PropertyValueSpecification\",\"valueRequired\":true,\"valueName\":\"search_term_string\"}}],\"inLanguage\":\"fr-FR\"},{\"@type\":\"Organization\",\"@id\":\"https:\\\/\\\/fontfusters.cat\\\/#organization\",\"name\":\"FONT FUSTERS\",\"url\":\"https:\\\/\\\/fontfusters.cat\\\/\",\"logo\":{\"@type\":\"ImageObject\",\"inLanguage\":\"fr-FR\",\"@id\":\"https:\\\/\\\/fontfusters.cat\\\/#\\\/schema\\\/logo\\\/image\\\/\",\"url\":\"https:\\\/\\\/fontfusters.cat\\\/wp-content\\\/uploads\\\/2023\\\/09\\\/cropped-logo_font_fusters.jpg\",\"contentUrl\":\"https:\\\/\\\/fontfusters.cat\\\/wp-content\\\/uploads\\\/2023\\\/09\\\/cropped-logo_font_fusters.jpg\",\"width\":798,\"height\":192,\"caption\":\"FONT FUSTERS\"},\"image\":{\"@id\":\"https:\\\/\\\/fontfusters.cat\\\/#\\\/schema\\\/logo\\\/image\\\/\"}}]}<\/script>\n<!-- \/ Yoast SEO plugin. -->","yoast_head_json":{"title":"Mentions l\u00e9gales et conditions d\u2019utilisation du site web - FONT FUSTERS","robots":{"index":"index","follow":"follow","max-snippet":"max-snippet:-1","max-image-preview":"max-image-preview:large","max-video-preview":"max-video-preview:-1"},"canonical":"https:\/\/fontfusters.cat\/avis-legal\/","og_locale":"fr_FR","og_type":"article","og_title":"Mentions l\u00e9gales et conditions d\u2019utilisation du site web - FONT FUSTERS","og_description":"Mentions l\u00e9gales et conditions d\u2019utilisation du site web Conform\u00e9ment au devoir d\u2019information \u00e9tabli par la&hellip;","og_url":"https:\/\/fontfusters.cat\/avis-legal\/","og_site_name":"FONT FUSTERS","article_modified_time":"2025-11-03T12:10:37+00:00","twitter_card":"summary_large_image","twitter_misc":{"Dur\u00e9e de lecture estim\u00e9e":"8 minutes"},"schema":{"@context":"https:\/\/schema.org","@graph":[{"@type":"WebPage","@id":"https:\/\/fontfusters.cat\/avis-legal\/","url":"https:\/\/fontfusters.cat\/avis-legal\/","name":"Mentions l\u00e9gales et conditions d\u2019utilisation du site web - FONT FUSTERS","isPartOf":{"@id":"https:\/\/fontfusters.cat\/#website"},"datePublished":"2023-03-07T14:27:46+00:00","dateModified":"2025-11-03T12:10:37+00:00","breadcrumb":{"@id":"https:\/\/fontfusters.cat\/avis-legal\/#breadcrumb"},"inLanguage":"fr-FR","potentialAction":[{"@type":"ReadAction","target":["https:\/\/fontfusters.cat\/avis-legal\/"]}]},{"@type":"BreadcrumbList","@id":"https:\/\/fontfusters.cat\/avis-legal\/#breadcrumb","itemListElement":[{"@type":"ListItem","position":1,"name":"Inici","item":"https:\/\/fontfusters.cat\/fr\/"},{"@type":"ListItem","position":2,"name":"Mentions l\u00e9gales et conditions d\u2019utilisation du site web"}]},{"@type":"WebSite","@id":"https:\/\/fontfusters.cat\/#website","url":"https:\/\/fontfusters.cat\/","name":"FONT FUSTERS","description":"Professionals que estimem la fusta","publisher":{"@id":"https:\/\/fontfusters.cat\/#organization"},"potentialAction":[{"@type":"SearchAction","target":{"@type":"EntryPoint","urlTemplate":"https:\/\/fontfusters.cat\/?s={search_term_string}"},"query-input":{"@type":"PropertyValueSpecification","valueRequired":true,"valueName":"search_term_string"}}],"inLanguage":"fr-FR"},{"@type":"Organization","@id":"https:\/\/fontfusters.cat\/#organization","name":"FONT FUSTERS","url":"https:\/\/fontfusters.cat\/","logo":{"@type":"ImageObject","inLanguage":"fr-FR","@id":"https:\/\/fontfusters.cat\/#\/schema\/logo\/image\/","url":"https:\/\/fontfusters.cat\/wp-content\/uploads\/2023\/09\/cropped-logo_font_fusters.jpg","contentUrl":"https:\/\/fontfusters.cat\/wp-content\/uploads\/2023\/09\/cropped-logo_font_fusters.jpg","width":798,"height":192,"caption":"FONT FUSTERS"},"image":{"@id":"https:\/\/fontfusters.cat\/#\/schema\/logo\/image\/"}}]}},"_links":{"self":[{"href":"https:\/\/fontfusters.cat\/fr\/wp-json\/wp\/v2\/pages\/39919","targetHints":{"allow":["GET"]}}],"collection":[{"href":"https:\/\/fontfusters.cat\/fr\/wp-json\/wp\/v2\/pages"}],"about":[{"href":"https:\/\/fontfusters.cat\/fr\/wp-json\/wp\/v2\/types\/page"}],"author":[{"embeddable":true,"href":"https:\/\/fontfusters.cat\/fr\/wp-json\/wp\/v2\/users\/1"}],"replies":[{"embeddable":true,"href":"https:\/\/fontfusters.cat\/fr\/wp-json\/wp\/v2\/comments?post=39919"}],"version-history":[{"count":2,"href":"https:\/\/fontfusters.cat\/fr\/wp-json\/wp\/v2\/pages\/39919\/revisions"}],"predecessor-version":[{"id":39921,"href":"https:\/\/fontfusters.cat\/fr\/wp-json\/wp\/v2\/pages\/39919\/revisions\/39921"}],"wp:attachment":[{"href":"https:\/\/fontfusters.cat\/fr\/wp-json\/wp\/v2\/media?parent=39919"}],"curies":[{"name":"wp","href":"https:\/\/api.w.org\/{rel}","templated":true}]}}