{"id":39929,"date":"2024-07-11T09:33:43","date_gmt":"2024-07-11T09:33:43","guid":{"rendered":"https:\/\/fontfusters.cat\/politica-de-cookies\/"},"modified":"2025-11-03T12:38:56","modified_gmt":"2025-11-03T12:38:56","slug":"politica-de-cookies","status":"publish","type":"page","link":"https:\/\/fontfusters.cat\/fr\/politica-de-cookies\/","title":{"rendered":"Politique de Cookies"},"content":{"rendered":"\t\t<div data-elementor-type=\"wp-page\" data-elementor-id=\"39929\" class=\"elementor elementor-39929 elementor-35571\" data-elementor-post-type=\"page\">\n\t\t\t\t\t\t<section class=\"elementor-section elementor-top-section elementor-element elementor-element-2cdfbdd7 elementor-section-boxed elementor-section-height-default elementor-section-height-default sc_fly_static\" data-id=\"2cdfbdd7\" data-element_type=\"section\" data-e-type=\"section\" data-settings=\"{&quot;background_background&quot;:&quot;classic&quot;}\">\n\t\t\t\t\t\t<div class=\"elementor-container elementor-column-gap-extended\">\n\t\t\t\t\t<div class=\"elementor-column elementor-col-100 elementor-top-column elementor-element elementor-element-275265dd sc_inner_width_none sc_content_align_inherit sc_layouts_column_icons_position_left sc_fly_static\" data-id=\"275265dd\" data-element_type=\"column\" data-e-type=\"column\">\n\t\t\t<div class=\"elementor-widget-wrap elementor-element-populated\">\n\t\t\t\t\t\t<div class=\"elementor-element elementor-element-2e74fa00 sc_fly_static elementor-widget elementor-widget-text-editor\" data-id=\"2e74fa00\" data-element_type=\"widget\" data-e-type=\"widget\" data-widget_type=\"text-editor.default\">\n\t\t\t\t<div class=\"elementor-widget-container\">\n\t\t\t\t\t\t\t\t\t<h5>POLITIQUE DE COOKIES<\/h5><div><div><p>Par la pr\u00e9sente politique de cookies, FONT FUSTERS, S.L. souhaite informer l\u2019utilisateur de mani\u00e8re claire et pr\u00e9cise sur les cookies utilis\u00e9es sur le site web <a href=\"http:\/\/fontfusters.cat\">http:\/\/fontfusters.cat<\/a>.<\/p><p>Ainsi, les cookies permettent au site web de stocker et de r\u00e9cup\u00e9rer des informations sur les habitudes de navigation d\u2019un utilisateur ou de son \u00e9quipement et, en fonction des informations obtenues, elles peuvent \u00eatre utilis\u00e9es pour reconna\u00eetre l\u2019utilisateur et am\u00e9liorer le service offert.<br>Le site web http:\/\/fontfusters.cat utilise des cookies propres et de tiers pour assurer le bon fonctionnement du site. Vous pouvez autoriser leur utilisation ou modifier leur configuration via votre navigateur \u00e0 tout moment. <\/p><\/div><\/div>\t\t\t\t\t\t\t\t<\/div>\n\t\t\t\t<\/div>\n\t\t\t\t\t<\/div>\n\t\t<\/div>\n\t\t\t\t\t<\/div>\n\t\t<\/section>\n\t\t\t\t<section class=\"elementor-section elementor-top-section elementor-element elementor-element-2e652082 elementor-section-boxed elementor-section-height-default elementor-section-height-default sc_fly_static\" data-id=\"2e652082\" data-element_type=\"section\" data-e-type=\"section\">\n\t\t\t\t\t\t<div class=\"elementor-container elementor-column-gap-extended\">\n\t\t\t\t\t<div class=\"elementor-column elementor-col-100 elementor-top-column elementor-element elementor-element-2e47cb51 sc_inner_width_none sc_content_align_inherit sc_layouts_column_icons_position_left sc_fly_static\" data-id=\"2e47cb51\" data-element_type=\"column\" data-e-type=\"column\">\n\t\t\t<div class=\"elementor-widget-wrap elementor-element-populated\">\n\t\t\t\t\t\t<div class=\"elementor-element elementor-element-5ddf5088 sc_fly_static elementor-widget elementor-widget-spacer\" data-id=\"5ddf5088\" data-element_type=\"widget\" data-e-type=\"widget\" data-widget_type=\"spacer.default\">\n\t\t\t\t<div class=\"elementor-widget-container\">\n\t\t\t\t\t\t\t<div class=\"elementor-spacer\">\n\t\t\t<div class=\"elementor-spacer-inner\"><\/div>\n\t\t<\/div>\n\t\t\t\t\t\t<\/div>\n\t\t\t\t<\/div>\n\t\t\t\t\t<\/div>\n\t\t<\/div>\n\t\t\t\t\t<\/div>\n\t\t<\/section>\n\t\t\t\t<section class=\"elementor-section elementor-top-section elementor-element elementor-element-1e37e646 elementor-section-boxed elementor-section-height-default elementor-section-height-default sc_fly_static\" data-id=\"1e37e646\" data-element_type=\"section\" data-e-type=\"section\" data-settings=\"{&quot;background_background&quot;:&quot;classic&quot;}\">\n\t\t\t\t\t\t<div class=\"elementor-container elementor-column-gap-extended\">\n\t\t\t\t\t<div class=\"elementor-column elementor-col-100 elementor-top-column elementor-element elementor-element-33157984 sc_inner_width_none sc_content_align_inherit sc_layouts_column_icons_position_left sc_fly_static\" data-id=\"33157984\" data-element_type=\"column\" data-e-type=\"column\">\n\t\t\t<div class=\"elementor-widget-wrap elementor-element-populated\">\n\t\t\t\t\t\t<div class=\"elementor-element elementor-element-46201b2f sc_fly_static elementor-widget elementor-widget-text-editor\" data-id=\"46201b2f\" data-element_type=\"widget\" data-e-type=\"widget\" data-widget_type=\"text-editor.default\">\n\t\t\t\t<div class=\"elementor-widget-container\">\n\t\t\t\t\t\t\t\t\t<h5>TYPES DE COOKIES<\/h5><p>Selon l\u2019entit\u00e9 qui g\u00e8re le domaine \u00e0 partir duquel les cookies sont envoy\u00e9es et qui traite les donn\u00e9es obtenues, on peut distinguer:<\/p><p>&#8211; <strong>Cookies propres:<\/strong> ce sont celles qui sont envoy\u00e9es \u00e0 l\u2019ordinateur de l\u2019utilisateur depuis un \u00e9quipement ou un domaine g\u00e9r\u00e9 par l\u2019\u00e9diteur lui-m\u00eame et \u00e0 partir duquel le service demand\u00e9 par l\u2019utilisateur est fourni.<\/p><p>&#8211; <strong>Cookies de tiers:<\/strong> ce sont celles qui sont envoy\u00e9es \u00e0 l\u2019ordinateur de l\u2019utilisateur depuis un \u00e9quipement ou un domaine g\u00e9r\u00e9 par une entit\u00e9 qui traite les donn\u00e9es obtenues via les cookies, mais qui n\u2019est pas l\u2019\u00e9quipement ou le domaine de l\u2019\u00e9diteur.<\/p><p>Il existe \u00e9galement une seconde classification selon la dur\u00e9e pendant laquelle les cookies restent stock\u00e9es dans le navigateur de l\u2019utilisateur. Ces cookies sont:<br>&#8211; Cookies de session: elles sont con\u00e7ues pour collecter et stocker des donn\u00e9es pendant que l\u2019utilisateur navigue sur le site web. Elles sont g\u00e9n\u00e9ralement utilis\u00e9es pour collecter des donn\u00e9es qu\u2019il est seulement n\u00e9cessaire de conserver pour la fourniture du service demand\u00e9 par l\u2019utilisateur \u00e0 une seule occasion (par exemple, la liste des produits achet\u00e9s).  <\/p><p>&#8211; <strong>Cookies persistantes:<\/strong> ce sont celles qui collectent et stockent des donn\u00e9es qui restent enregistr\u00e9es sur l\u2019appareil et peuvent \u00eatre consult\u00e9es et trait\u00e9es pendant une p\u00e9riode d\u00e9finie par le responsable de la cookie, pouvant aller de quelques minutes \u00e0 plusieurs ann\u00e9es.<\/p><p>Enfin, il existe une troisi\u00e8me classification selon la finalit\u00e9 pour laquelle les donn\u00e9es obtenues via les cookies sont trait\u00e9es:<br>&#8211; Cookies techniques: ce sont celles qui permettent \u00e0 l\u2019utilisateur de naviguer sur le site web, la plateforme ou l\u2019application et d\u2019utiliser les diff\u00e9rentes options ou services existants.<\/p><p>&#8211; Cookies de personnalisation : ce sont celles qui permettent \u00e0 l\u2019utilisateur d\u2019acc\u00e9der au service avec certaines caract\u00e9ristiques g\u00e9n\u00e9rales pr\u00e9d\u00e9finies selon une s\u00e9rie de crit\u00e8res \u00e9tablis sur l\u2019ordinateur de l\u2019utilisateur.<\/p><p>&#8211; Cookies d\u2019analyse : elles permettent au responsable de ces cookies de suivre et d\u2019analyser le comportement des utilisateurs des sites web auxquels ces cookies sont li\u00e9es. Les informations collect\u00e9es via ce type de cookies sont utilis\u00e9es pour l\u2019\u00e9laboration de profils de navigation des utilisateurs du site web. L\u2019utilisateur doit \u00eatre inform\u00e9 et donner son consentement.  <\/p><p>&#8211; Cookies publicitaires : elles permettent de g\u00e9rer, de la mani\u00e8re la plus efficace possible, les espaces publicitaires.<\/p><p>&#8211; Cookies de publicit\u00e9 comportementale : elles stockent des informations sur le comportement des utilisateurs obtenues gr\u00e2ce \u00e0 l\u2019observation continue de leurs habitudes de navigation. Cela permet de d\u00e9velopper un profil sp\u00e9cifique afin d\u2019afficher de la publicit\u00e9 en fonction de ce profil. <\/p><p>&#8211; Cookies de r\u00e9seaux sociaux externes : elles sont utilis\u00e9es afin que les visiteurs du site web puissent interagir avec le contenu de diff\u00e9rents r\u00e9seaux sociaux, tels que Facebook, Instagram, Twitter, LinkedIn, YouTube, etc., et elles sont g\u00e9n\u00e9r\u00e9es et stock\u00e9es uniquement pour les utilisateurs de ces r\u00e9seaux sociaux.<\/p><p>Cookies utilis\u00e9es sur le site web http:\/\/fontfusters.cat<br>Le site web http:\/\/fontfusters.cat utilise les cookies suivantes :<\/p><p><br>_ga<br>Finalit\u00e9 : Service Google Analytics pour distinguer les utilisateurs uniques (Annuel)<br>_gid<br>Finalit\u00e9 : Service Google Analytics pour distinguer les utilisateurs (Annuel)<br>_gat<br>Finalit\u00e9 : Service Google Analytics (Annuel)<\/p><p>Gestion de l\u2019utilisation des cookies<br>Sans pr\u00e9judice de ce qui pr\u00e9c\u00e8de, l\u2019utilisateur a la possibilit\u00e9 de configurer son navigateur pour accepter, refuser, bloquer ou supprimer les cookies install\u00e9es sur son ordinateur. \u00c0 cet effet, nous vous recommandons de consulter la section d\u2019aide de votre navigateur web pour savoir comment modifier la configuration actuellement utilis\u00e9e.<br>De m\u00eame, l\u2019utilisateur peut \u00e0 tout moment retirer le consentement donn\u00e9 pour l\u2019utilisation des cookies par FONT FUSTERS, S.L., en configurant son navigateur.<br>Veuillez noter que la d\u00e9sactivation des cookies peut affecter le bon fonctionnement de certaines sections du site web. \u00c0 cet \u00e9gard, consultez les instructions et manuels de votre navigateur pour plus d\u2019informations :<br>Microsoft Internet Explorer : acc\u00e9dez \u00e0 l\u2019option de menu Outils \u2192 Options Internet \u2192 Confidentialit\u00e9.<br>Firefox pour Mac : acc\u00e9dez \u00e0 l\u2019option de menu Pr\u00e9f\u00e9rences \u2192 Confidentialit\u00e9 \u2192 Afficher les cookies.<br>Firefox pour Windows : acc\u00e9dez \u00e0 l\u2019option de menu Outils \u2192 Options \u2192 Confidentialit\u00e9 \u2192 Utiliser des param\u00e8tres personnalis\u00e9s pour l\u2019historique.<br>Safari : acc\u00e9dez \u00e0 l\u2019option de menu Pr\u00e9f\u00e9rences \u2192 Confidentialit\u00e9.<br>Google Chrome : acc\u00e9dez \u00e0 l\u2019option de menu Outils \u2192 Options (Pr\u00e9f\u00e9rences sur Mac) \u2192 Avanc\u00e9 \u2192 Confidentialit\u00e9 \u2192 Param\u00e8tres de contenu \u2192 Cookies.  <\/p>\t\t\t\t\t\t\t\t<\/div>\n\t\t\t\t<\/div>\n\t\t\t\t\t<\/div>\n\t\t<\/div>\n\t\t\t\t\t<\/div>\n\t\t<\/section>\n\t\t\t\t<section class=\"elementor-section elementor-top-section elementor-element elementor-element-11baf55a elementor-section-boxed elementor-section-height-default elementor-section-height-default sc_fly_static\" data-id=\"11baf55a\" data-element_type=\"section\" data-e-type=\"section\">\n\t\t\t\t\t\t<div class=\"elementor-container elementor-column-gap-extended\">\n\t\t\t\t\t<div class=\"elementor-column elementor-col-100 elementor-top-column elementor-element elementor-element-6e86c5bf sc_inner_width_none sc_content_align_inherit sc_layouts_column_icons_position_left sc_fly_static\" data-id=\"6e86c5bf\" data-element_type=\"column\" data-e-type=\"column\">\n\t\t\t<div class=\"elementor-widget-wrap elementor-element-populated\">\n\t\t\t\t\t\t<div class=\"elementor-element elementor-element-cfdc446 sc_fly_static elementor-widget elementor-widget-spacer\" data-id=\"cfdc446\" data-element_type=\"widget\" data-e-type=\"widget\" data-widget_type=\"spacer.default\">\n\t\t\t\t<div class=\"elementor-widget-container\">\n\t\t\t\t\t\t\t<div class=\"elementor-spacer\">\n\t\t\t<div class=\"elementor-spacer-inner\"><\/div>\n\t\t<\/div>\n\t\t\t\t\t\t<\/div>\n\t\t\t\t<\/div>\n\t\t\t\t\t<\/div>\n\t\t<\/div>\n\t\t\t\t\t<\/div>\n\t\t<\/section>\n\t\t\t\t<section class=\"elementor-section elementor-top-section elementor-element elementor-element-58b5af22 elementor-section-boxed elementor-section-height-default elementor-section-height-default sc_fly_static\" data-id=\"58b5af22\" data-element_type=\"section\" data-e-type=\"section\">\n\t\t\t\t\t\t<div class=\"elementor-container elementor-column-gap-extended\">\n\t\t\t\t\t<div class=\"elementor-column elementor-col-100 elementor-top-column elementor-element elementor-element-3a79a57f sc_inner_width_none sc_content_align_inherit sc_layouts_column_icons_position_left sc_fly_static\" data-id=\"3a79a57f\" data-element_type=\"column\" data-e-type=\"column\">\n\t\t\t<div class=\"elementor-widget-wrap elementor-element-populated\">\n\t\t\t\t\t\t<div class=\"elementor-element elementor-element-77774ef4 sc_fly_static elementor-widget elementor-widget-spacer\" data-id=\"77774ef4\" data-element_type=\"widget\" data-e-type=\"widget\" data-widget_type=\"spacer.default\">\n\t\t\t\t<div class=\"elementor-widget-container\">\n\t\t\t\t\t\t\t<div class=\"elementor-spacer\">\n\t\t\t<div class=\"elementor-spacer-inner\"><\/div>\n\t\t<\/div>\n\t\t\t\t\t\t<\/div>\n\t\t\t\t<\/div>\n\t\t\t\t\t<\/div>\n\t\t<\/div>\n\t\t\t\t\t<\/div>\n\t\t<\/section>\n\t\t\t\t<\/div>\n\t\t","protected":false},"excerpt":{"rendered":"<p>POLITIQUE DE COOKIES Par la pr\u00e9sente politique de cookies, FONT FUSTERS, S.L. souhaite informer l\u2019utilisateur&hellip;<\/p>\n","protected":false},"author":1,"featured_media":0,"parent":0,"menu_order":0,"comment_status":"closed","ping_status":"closed","template":"","meta":{"footnotes":""},"class_list":["post-39929","page","type-page","status-publish","hentry"],"yoast_head":"<!-- This site is optimized with the Yoast SEO plugin v27.3 - https:\/\/yoast.com\/product\/yoast-seo-wordpress\/ -->\n<title>Politique de Cookies - FONT FUSTERS<\/title>\n<meta name=\"robots\" content=\"index, follow, max-snippet:-1, max-image-preview:large, max-video-preview:-1\" \/>\n<link rel=\"canonical\" href=\"https:\/\/fontfusters.cat\/politica-de-cookies\/\" \/>\n<meta property=\"og:locale\" content=\"fr_FR\" \/>\n<meta property=\"og:type\" content=\"article\" \/>\n<meta property=\"og:title\" content=\"Politique de Cookies - FONT FUSTERS\" \/>\n<meta property=\"og:description\" content=\"POLITIQUE DE COOKIES Par la pr\u00e9sente politique de cookies, FONT FUSTERS, S.L. souhaite informer l\u2019utilisateur&hellip;\" \/>\n<meta property=\"og:url\" content=\"https:\/\/fontfusters.cat\/politica-de-cookies\/\" \/>\n<meta property=\"og:site_name\" content=\"FONT FUSTERS\" \/>\n<meta property=\"article:modified_time\" content=\"2025-11-03T12:38:56+00:00\" \/>\n<meta name=\"twitter:card\" content=\"summary_large_image\" \/>\n<meta name=\"twitter:label1\" content=\"Dur\u00e9e de lecture estim\u00e9e\" \/>\n\t<meta name=\"twitter:data1\" content=\"4 minutes\" \/>\n<script type=\"application\/ld+json\" class=\"yoast-schema-graph\">{\"@context\":\"https:\\\/\\\/schema.org\",\"@graph\":[{\"@type\":\"WebPage\",\"@id\":\"https:\\\/\\\/fontfusters.cat\\\/politica-de-cookies\\\/\",\"url\":\"https:\\\/\\\/fontfusters.cat\\\/politica-de-cookies\\\/\",\"name\":\"Politique de Cookies - FONT FUSTERS\",\"isPartOf\":{\"@id\":\"https:\\\/\\\/fontfusters.cat\\\/#website\"},\"datePublished\":\"2024-07-11T09:33:43+00:00\",\"dateModified\":\"2025-11-03T12:38:56+00:00\",\"breadcrumb\":{\"@id\":\"https:\\\/\\\/fontfusters.cat\\\/politica-de-cookies\\\/#breadcrumb\"},\"inLanguage\":\"fr-FR\",\"potentialAction\":[{\"@type\":\"ReadAction\",\"target\":[\"https:\\\/\\\/fontfusters.cat\\\/politica-de-cookies\\\/\"]}]},{\"@type\":\"BreadcrumbList\",\"@id\":\"https:\\\/\\\/fontfusters.cat\\\/politica-de-cookies\\\/#breadcrumb\",\"itemListElement\":[{\"@type\":\"ListItem\",\"position\":1,\"name\":\"Inici\",\"item\":\"https:\\\/\\\/fontfusters.cat\\\/fr\\\/\"},{\"@type\":\"ListItem\",\"position\":2,\"name\":\"Politique de Cookies\"}]},{\"@type\":\"WebSite\",\"@id\":\"https:\\\/\\\/fontfusters.cat\\\/#website\",\"url\":\"https:\\\/\\\/fontfusters.cat\\\/\",\"name\":\"FONT FUSTERS\",\"description\":\"Professionals que estimem la fusta\",\"publisher\":{\"@id\":\"https:\\\/\\\/fontfusters.cat\\\/#organization\"},\"potentialAction\":[{\"@type\":\"SearchAction\",\"target\":{\"@type\":\"EntryPoint\",\"urlTemplate\":\"https:\\\/\\\/fontfusters.cat\\\/?s={search_term_string}\"},\"query-input\":{\"@type\":\"PropertyValueSpecification\",\"valueRequired\":true,\"valueName\":\"search_term_string\"}}],\"inLanguage\":\"fr-FR\"},{\"@type\":\"Organization\",\"@id\":\"https:\\\/\\\/fontfusters.cat\\\/#organization\",\"name\":\"FONT FUSTERS\",\"url\":\"https:\\\/\\\/fontfusters.cat\\\/\",\"logo\":{\"@type\":\"ImageObject\",\"inLanguage\":\"fr-FR\",\"@id\":\"https:\\\/\\\/fontfusters.cat\\\/#\\\/schema\\\/logo\\\/image\\\/\",\"url\":\"https:\\\/\\\/fontfusters.cat\\\/wp-content\\\/uploads\\\/2023\\\/09\\\/cropped-logo_font_fusters.jpg\",\"contentUrl\":\"https:\\\/\\\/fontfusters.cat\\\/wp-content\\\/uploads\\\/2023\\\/09\\\/cropped-logo_font_fusters.jpg\",\"width\":798,\"height\":192,\"caption\":\"FONT FUSTERS\"},\"image\":{\"@id\":\"https:\\\/\\\/fontfusters.cat\\\/#\\\/schema\\\/logo\\\/image\\\/\"}}]}<\/script>\n<!-- \/ Yoast SEO plugin. -->","yoast_head_json":{"title":"Politique de Cookies - FONT FUSTERS","robots":{"index":"index","follow":"follow","max-snippet":"max-snippet:-1","max-image-preview":"max-image-preview:large","max-video-preview":"max-video-preview:-1"},"canonical":"https:\/\/fontfusters.cat\/politica-de-cookies\/","og_locale":"fr_FR","og_type":"article","og_title":"Politique de Cookies - FONT FUSTERS","og_description":"POLITIQUE DE COOKIES Par la pr\u00e9sente politique de cookies, FONT FUSTERS, S.L. souhaite informer l\u2019utilisateur&hellip;","og_url":"https:\/\/fontfusters.cat\/politica-de-cookies\/","og_site_name":"FONT FUSTERS","article_modified_time":"2025-11-03T12:38:56+00:00","twitter_card":"summary_large_image","twitter_misc":{"Dur\u00e9e de lecture estim\u00e9e":"4 minutes"},"schema":{"@context":"https:\/\/schema.org","@graph":[{"@type":"WebPage","@id":"https:\/\/fontfusters.cat\/politica-de-cookies\/","url":"https:\/\/fontfusters.cat\/politica-de-cookies\/","name":"Politique de Cookies - FONT FUSTERS","isPartOf":{"@id":"https:\/\/fontfusters.cat\/#website"},"datePublished":"2024-07-11T09:33:43+00:00","dateModified":"2025-11-03T12:38:56+00:00","breadcrumb":{"@id":"https:\/\/fontfusters.cat\/politica-de-cookies\/#breadcrumb"},"inLanguage":"fr-FR","potentialAction":[{"@type":"ReadAction","target":["https:\/\/fontfusters.cat\/politica-de-cookies\/"]}]},{"@type":"BreadcrumbList","@id":"https:\/\/fontfusters.cat\/politica-de-cookies\/#breadcrumb","itemListElement":[{"@type":"ListItem","position":1,"name":"Inici","item":"https:\/\/fontfusters.cat\/fr\/"},{"@type":"ListItem","position":2,"name":"Politique de Cookies"}]},{"@type":"WebSite","@id":"https:\/\/fontfusters.cat\/#website","url":"https:\/\/fontfusters.cat\/","name":"FONT FUSTERS","description":"Professionals que estimem la fusta","publisher":{"@id":"https:\/\/fontfusters.cat\/#organization"},"potentialAction":[{"@type":"SearchAction","target":{"@type":"EntryPoint","urlTemplate":"https:\/\/fontfusters.cat\/?s={search_term_string}"},"query-input":{"@type":"PropertyValueSpecification","valueRequired":true,"valueName":"search_term_string"}}],"inLanguage":"fr-FR"},{"@type":"Organization","@id":"https:\/\/fontfusters.cat\/#organization","name":"FONT FUSTERS","url":"https:\/\/fontfusters.cat\/","logo":{"@type":"ImageObject","inLanguage":"fr-FR","@id":"https:\/\/fontfusters.cat\/#\/schema\/logo\/image\/","url":"https:\/\/fontfusters.cat\/wp-content\/uploads\/2023\/09\/cropped-logo_font_fusters.jpg","contentUrl":"https:\/\/fontfusters.cat\/wp-content\/uploads\/2023\/09\/cropped-logo_font_fusters.jpg","width":798,"height":192,"caption":"FONT FUSTERS"},"image":{"@id":"https:\/\/fontfusters.cat\/#\/schema\/logo\/image\/"}}]}},"_links":{"self":[{"href":"https:\/\/fontfusters.cat\/fr\/wp-json\/wp\/v2\/pages\/39929","targetHints":{"allow":["GET"]}}],"collection":[{"href":"https:\/\/fontfusters.cat\/fr\/wp-json\/wp\/v2\/pages"}],"about":[{"href":"https:\/\/fontfusters.cat\/fr\/wp-json\/wp\/v2\/types\/page"}],"author":[{"embeddable":true,"href":"https:\/\/fontfusters.cat\/fr\/wp-json\/wp\/v2\/users\/1"}],"replies":[{"embeddable":true,"href":"https:\/\/fontfusters.cat\/fr\/wp-json\/wp\/v2\/comments?post=39929"}],"version-history":[{"count":2,"href":"https:\/\/fontfusters.cat\/fr\/wp-json\/wp\/v2\/pages\/39929\/revisions"}],"predecessor-version":[{"id":39931,"href":"https:\/\/fontfusters.cat\/fr\/wp-json\/wp\/v2\/pages\/39929\/revisions\/39931"}],"wp:attachment":[{"href":"https:\/\/fontfusters.cat\/fr\/wp-json\/wp\/v2\/media?parent=39929"}],"curies":[{"name":"wp","href":"https:\/\/api.w.org\/{rel}","templated":true}]}}